{"id":517,"date":"2020-07-08T10:33:34","date_gmt":"2020-07-08T08:33:34","guid":{"rendered":"https:\/\/consiliosit.com\/?page_id=517"},"modified":"2021-03-17T16:22:42","modified_gmt":"2021-03-17T15:22:42","slug":"polityka-cookies","status":"publish","type":"page","link":"https:\/\/consiliosit.com\/pl\/polityka-cookies\/","title":{"rendered":"Polityka Cookies"},"content":{"rendered":"<p>[et_pb_section fb_built=&#8221;1&#8243; _builder_version=&#8221;4.4.8&#8243; use_background_color_gradient=&#8221;on&#8221; background_color_gradient_start=&#8221;rgba(0,0,0,0.51)&#8221; background_color_gradient_end=&#8221;rgba(0,0,0,0.51)&#8221; background_color_gradient_overlays_image=&#8221;on&#8221; background_image=&#8221;https:\/\/consiliosit.com\/wp-content\/uploads\/2020\/04\/berlin-sap.jpg&#8221; vertical_offset_tablet=&#8221;0&#8243; horizontal_offset_tablet=&#8221;0&#8243; custom_padding=&#8221;112px|0px|100px|0px|false|false&#8221; z_index_tablet=&#8221;0&#8243; box_shadow_horizontal_tablet=&#8221;0px&#8221; box_shadow_vertical_tablet=&#8221;0px&#8221; box_shadow_blur_tablet=&#8221;40px&#8221; box_shadow_spread_tablet=&#8221;0px&#8221; global_module=&#8221;173&#8243;][et_pb_row _builder_version=&#8221;3.25&#8243; custom_padding=&#8221;28px|0px|27px|0px|false|false&#8221;][et_pb_column type=&#8221;4_4&#8243; _builder_version=&#8221;3.0.47&#8243; custom_padding=&#8221;|||&#8221; custom_padding__hover=&#8221;|||&#8221;][et_pb_post_title meta=&#8221;off&#8221; featured_image=&#8221;off&#8221; text_color=&#8221;light&#8221; _builder_version=&#8221;3.18.7&#8243; title_font=&#8221;||||||||&#8221; title_font_size=&#8221;49px&#8221; text_orientation=&#8221;center&#8221; title_font_size_tablet=&#8221;&#8221; title_font_size_phone=&#8221;35px&#8221; title_font_size_last_edited=&#8221;on|phone&#8221; text_shadow_style=&#8221;preset2&#8243;][\/et_pb_post_title][et_pb_text disabled_on=&#8221;on|off|off&#8221; module_class=&#8221;okruszki&#8221; _builder_version=&#8221;4.4.8&#8243; text_font_size=&#8221;13px&#8221; text_orientation=&#8221;center&#8221; background_layout=&#8221;dark&#8221;]<\/p>\n<p><span><span><span><a href=\"https:\/\/consiliosit.com\/pl\/\">Home<\/a><\/span><\/span><\/span><\/p>\n<p>[\/et_pb_text][\/et_pb_column][\/et_pb_row][\/et_pb_section][et_pb_section fb_built=&#8221;1&#8243; _builder_version=&#8221;4.4.8&#8243; custom_margin=&#8221;-5px|||||&#8221; custom_padding=&#8221;6px||40px|||&#8221;][et_pb_row admin_label=&#8221;Wiersz&#8221; _builder_version=&#8221;4.4.8&#8243; custom_padding=&#8221;46px|||||&#8221;][et_pb_column type=&#8221;4_4&#8243; _builder_version=&#8221;4.4.8&#8243;][et_pb_text _builder_version=&#8221;4.5.1&#8243; hover_enabled=&#8221;0&#8243;]<\/p>\n<h3>1. Informacje og\u00f3lne.<\/h3>\n<ol>\n<li>Operatorem Serwisu jest <strong>Consilios IT sp. z o.o. <\/strong><span>ul. G\u0142ogowska 31\/33, 60-702 Pozna\u0144.<\/span><\/li>\n<li>Serwis realizuje funkcje pozyskiwania informacji o u\u017cytkownikach i ich zachowaniu w nast\u0119puj\u0105cy spos\u00f3b:\n<ol>\n<li>Poprzez dobrowolnie wprowadzone w formularzach informacje.<\/li>\n<li>Poprzez zapisywanie w urz\u0105dzeniach ko\u0144cowych pliki cookie (tzw. \u201eciasteczka\u201d).<\/li>\n<li>Poprzez gromadzenie log\u00f3w serwera www przez operatora hostingowego.<\/li>\n<\/ol>\n<\/li>\n<\/ol>\n<h3>2. Informacja o plikach cookies.<\/h3>\n<ol>\n<li>Serwis korzysta z plik\u00f3w cookies.<\/li>\n<li>Pliki cookies (tzw. \u201eciasteczka\u201d) stanowi\u0105 dane informatyczne, w szczeg\u00f3lno\u015bci pliki tekstowe, kt\u00f3re przechowywane s\u0105 w urz\u0105dzeniu ko\u0144cowym U\u017cytkownika Serwisu i przeznaczone s\u0105 do korzystania ze stron internetowych Serwisu. Cookies zazwyczaj zawieraj\u0105 nazw\u0119 strony internetowej, z kt\u00f3rej pochodz\u0105, czas przechowywania ich na urz\u0105dzeniu ko\u0144cowym oraz unikalny numer.<\/li>\n<li>Podmiotem zamieszczaj\u0105cym na urz\u0105dzeniu ko\u0144cowym U\u017cytkownika Serwisu pliki cookies oraz uzyskuj\u0105cym do nich dost\u0119p jest operator Serwisu.<\/li>\n<li>Pliki cookies wykorzystywane s\u0105 w nast\u0119puj\u0105cych celach:\n<ul>\n<li>tworzenia statystyk, kt\u00f3re pomagaj\u0105 zrozumie\u0107, w jaki spos\u00f3b U\u017cytkownicy Serwisu korzystaj\u0105 ze stron internetowych, co umo\u017cliwia ulepszanie ich struktury i zawarto\u015bci;<\/li>\n<li>utrzymanie sesji U\u017cytkownika Serwisu (po zalogowaniu), dzi\u0119ki kt\u00f3rej U\u017cytkownik nie musi na ka\u017cdej podstronie Serwisu ponownie wpisywa\u0107 loginu i has\u0142a;<\/li>\n<li>okre\u015blania profilu u\u017cytkownika w celu wy\u015bwietlania mu dopasowanych materia\u0142\u00f3w w sieciach reklamowych, w szczeg\u00f3lno\u015bci sieci Google.<\/li>\n<\/ul>\n<\/li>\n<li>W ramach Serwisu stosowane s\u0105 dwa zasadnicze rodzaje plik\u00f3w cookies: \u201esesyjne\u201d (session cookies) oraz \u201esta\u0142e\u201d (persistent cookies). Cookies \u201esesyjne\u201d s\u0105 plikami tymczasowymi, kt\u00f3re przechowywane s\u0105 w urz\u0105dzeniu ko\u0144cowym U\u017cytkownika do czasu wylogowania, opuszczenia strony internetowej lub wy\u0142\u0105czenia oprogramowania (przegl\u0105darki internetowej). \u201eSta\u0142e\u201d pliki cookies przechowywane s\u0105 w urz\u0105dzeniu ko\u0144cowym U\u017cytkownika przez czas okre\u015blony w parametrach plik\u00f3w cookies lub do czasu ich usuni\u0119cia przez U\u017cytkownika.<\/li>\n<li>Oprogramowanie do przegl\u0105dania stron internetowych (przegl\u0105darka internetowa) zazwyczaj domy\u015blnie dopuszcza przechowywanie plik\u00f3w cookies w urz\u0105dzeniu ko\u0144cowym U\u017cytkownika. U\u017cytkownicy Serwisu mog\u0105 dokona\u0107 zmiany ustawie\u0144 w tym zakresie. Przegl\u0105darka internetowa umo\u017cliwia usuni\u0119cie plik\u00f3w cookies. Mo\u017cliwe jest tak\u017ce automatyczne blokowanie plik\u00f3w cookies Szczeg\u00f3\u0142owe informacje na ten temat zawiera pomoc lub dokumentacja przegl\u0105darki internetowej.<\/li>\n<li>Ograniczenia stosowania plik\u00f3w cookies mog\u0105 wp\u0142yn\u0105\u0107 na niekt\u00f3re funkcjonalno\u015bci dost\u0119pne na stronach internetowych Serwisu.<\/li>\n<li>Pliki cookies zamieszczane w urz\u0105dzeniu ko\u0144cowym U\u017cytkownika Serwisu i wykorzystywane mog\u0105 by\u0107 r\u00f3wnie\u017c przez wsp\u00f3\u0142pracuj\u0105cych z operatorem Serwisu reklamodawc\u00f3w oraz partner\u00f3w.<\/li>\n<li>Zalecamy przeczytanie polityki ochrony prywatno\u015bci tych firm, aby pozna\u0107 zasady korzystania z plik\u00f3w cookie wykorzystywane w statystykach:<a href=\"http:\/\/www.google.pl\/intl\/pl\/analytics\/privacyoverview.html\">Polityka ochrony prywatno\u015bci Google Analytics<\/a><\/li>\n<li>Pliki cookie mog\u0105 by\u0107 wykorzystane przez sieci reklamowe, w szczeg\u00f3lno\u015bci sie\u0107 Google, do wy\u015bwietlenia reklam dopasowanych do sposobu, w jaki u\u017cytkownik korzysta z Serwisu. W tym celu mog\u0105 zachowa\u0107 informacj\u0119 o \u015bcie\u017cce nawigacji u\u017cytkownika lub czasie pozostawania na danej stronie.<\/li>\n<li>W zakresie informacji o preferencjach u\u017cytkownika gromadzonych przez sie\u0107 reklamow\u0105 Google u\u017cytkownik mo\u017ce przegl\u0105da\u0107 i edytowa\u0107 informacje wynikaj\u0105ce z plik\u00f3w cookies przy pomocy narz\u0119dzia:\u00a0<a href=\"https:\/\/www.google.com\/ads\/preferences\/\">https:\/\/www.google.com\/ads\/preferences\/<\/a><\/li>\n<\/ol>\n<h3>3. Logi serwera.<\/h3>\n<ol>\n<li>Informacje o niekt\u00f3rych zachowaniach u\u017cytkownik\u00f3w podlegaj\u0105 logowaniu w warstwie serwerowej. Dane te s\u0105 wykorzystywane wy\u0142\u0105cznie w celu administrowania serwisem oraz w celu zapewnienia jak najbardziej sprawnej obs\u0142ugi \u015bwiadczonych us\u0142ug hostingowych.<\/li>\n<li>Przegl\u0105dane zasoby identyfikowane s\u0105 poprzez adresy URL. Ponadto zapisowi mog\u0105 podlega\u0107:\n<ol>\n<li>czas nadej\u015bcia zapytania,<\/li>\n<li>czas wys\u0142ania odpowiedzi,<\/li>\n<li>nazw\u0119 stacji klienta \u2013 identyfikacja realizowana przez protok\u00f3\u0142 HTTP,<\/li>\n<li>informacje o b\u0142\u0119dach jakie nast\u0105pi\u0142y przy realizacji transakcji HTTP,<\/li>\n<li>adres URL strony poprzednio odwiedzanej przez u\u017cytkownika (referer link) \u2013 w przypadku gdy przej\u015bcie do Serwisu nast\u0105pi\u0142o przez odno\u015bnik,<\/li>\n<li>informacje o przegl\u0105darce u\u017cytkownika,<\/li>\n<li>Informacje o adresie IP.<\/li>\n<\/ol>\n<\/li>\n<li>Dane powy\u017csze nie s\u0105 kojarzone z konkretnymi osobami przegl\u0105daj\u0105cymi strony.<\/li>\n<li>Dane powy\u017csze s\u0105 wykorzystywane jedynie dla cel\u00f3w administrowania serwerem.<\/li>\n<\/ol>\n<h3>4. Udost\u0119pnienie danych.<\/h3>\n<ol>\n<li>Dane podlegaj\u0105 udost\u0119pnieniu podmiotom zewn\u0119trznym wy\u0142\u0105cznie w granicach prawnie dozwolonych.<\/li>\n<li>Dane umo\u017cliwiaj\u0105ce identyfikacj\u0119 osoby fizycznej s\u0105 udost\u0119pniane wy\u0142\u0105czenie za zgod\u0105 tej osoby.<\/li>\n<li>Operator mo\u017ce mie\u0107 obowi\u0105zek udzielania informacji zebranych przez Serwis upowa\u017cnionym organom na podstawie zgodnych z prawem \u017c\u0105da\u0144 w zakresie wynikaj\u0105cym z \u017c\u0105dania.<\/li>\n<\/ol>\n<h3>5. Zarz\u0105dzanie plikami cookies \u2013 jak w praktyce wyra\u017ca\u0107 i cofa\u0107 zgod\u0119?<\/h3>\n<ol>\n<li>Je\u015bli u\u017cytkownik nie chce otrzymywa\u0107 plik\u00f3w cookies, mo\u017ce zmieni\u0107 ustawienia przegl\u0105darki. Zastrzegamy, \u017ce wy\u0142\u0105czenie obs\u0142ugi plik\u00f3w cookies niezb\u0119dnych dla proces\u00f3w uwierzytelniania, bezpiecze\u0144stwa, utrzymania preferencji u\u017cytkownika mo\u017ce utrudni\u0107, a w skrajnych przypadkach mo\u017ce uniemo\u017cliwi\u0107 korzystanie ze stron www<\/li>\n<li>W celu zarz\u0105dzania ustawieniami cookies wybierz z listy poni\u017cej przegl\u0105dark\u0119 internetow\u0105\/ system i post\u0119puj zgodnie z instrukcjami:\n<ol>\n<li><a href=\"http:\/\/support.microsoft.com\/kb\/196955\">Internet Explorer<\/a><\/li>\n<li><a href=\"http:\/\/support.google.com\/chrome\/bin\/answer.py?hl=pl&amp;answer=95647\">Chrome<\/a><\/li>\n<li><a href=\"http:\/\/support.apple.com\/kb\/PH5042\">Safari<\/a><\/li>\n<li><a href=\"http:\/\/support.mozilla.org\/pl\/kb\/W%C5%82%C4%85czanie%20i%20wy%C5%82%C4%85czanie%20obs%C5%82ugi%20ciasteczek\">Firefox<\/a><\/li>\n<li><a href=\"http:\/\/help.opera.com\/Windows\/12.10\/pl\/cookies.html\">Opera<\/a><\/li>\n<li><a href=\"http:\/\/support.google.com\/chrome\/bin\/answer.py?hl=pl&amp;answer=95647\">Android<\/a><\/li>\n<li><a href=\"http:\/\/support.apple.com\/kb\/HT1677?viewlocale=pl_PL\">Safari (iOS)<\/a><\/li>\n<li><a href=\"http:\/\/www.windowsphone.com\/pl-pl\/how-to\/wp7\/web\/changing-privacy-and-other-browser-settings\">Windows Phone<\/a><\/li>\n<li><a href=\"http:\/\/docs.blackberry.com\/en\/smartphone_users\/deliverables\/32004\/Turn_off_cookies_in_the_browser_60_1072866_11.jsp\">Blackberry<\/a><\/li>\n<\/ol>\n<\/li>\n<\/ol[\/et_pb_text][\/et_pb_column][\/et_pb_row][\/et_pb_section][et_pb_section fb_built=\"1\" custom_padding_last_edited=\"off|desktop\" admin_label=\"Footer\" _builder_version=\"4.4.8\" use_background_color_gradient=\"on\" background_color_gradient_start=\"rgba(0,0,0,0.65)\" background_color_gradient_end=\"#0c0c0c\" background_color_gradient_end_position=\"85%\" background_color_gradient_overlays_image=\"on\" background_image=\"https:\/\/consiliosit.com\/wp-content\/uploads\/2020\/04\/berlin-sap.jpg\" vertical_offset_tablet=\"0\" horizontal_offset_tablet=\"0\" custom_margin=\"|||\" custom_padding=\"10px|0px|10px|0px|true|false\" custom_padding_tablet=\"10vw||10vw||true\" custom_padding_phone=\"5vw||5vw||true\" z_index_tablet=\"0\" box_shadow_horizontal_tablet=\"0px\" box_shadow_vertical_tablet=\"0px\" box_shadow_blur_tablet=\"40px\" box_shadow_spread_tablet=\"0px\" global_module=\"174\" locked=\"off\"][et_pb_row column_structure=\"1_2,1_4,1_4\" _builder_version=\"3.25\" custom_padding=\"59px|||||\"][et_pb_column type=\"1_2\" _builder_version=\"3.0.47\" custom_padding=\"|||\" custom_padding__hover=\"|||\"][et_pb_image src=\"https:\/\/consiliosit.com\/wp-content\/uploads\/2020\/04\/logo_whiteC.png\" align_tablet=\"center\" align_phone=\"\" align_last_edited=\"on|desktop\" _builder_version=\"3.23\"][\/et_pb_image][et_pb_text _builder_version=\"4.4.8\" text_font=\"||||||||\" text_font_size=\"13px\" background_layout=\"dark\"]\n\n<p><span><strong>Consilios IT<\/strong> powsta\u0142 w 2011 roku. Nasze us\u0142ugi koncentruj\u0105 si\u0119 przede wszystkim na doradztwie i programowaniu w SAP. Od pocz\u0105tku istnienia firmy specjalizujemy si\u0119 we wdra\u017caniu nast\u0119puj\u0105cych modu\u0142\u00f3w SAP: RE-FX (zarz\u0105dzanie nieruchomo\u015bciami), FI (rachunkowo\u015b\u0107), zarz\u0105dzanie dokumentami, zarz\u0105dzanie funduszami inwestycyjnymi zamkni\u0119tymi.<\/span><\/p>\n<p>[\/et_pb_text][et_pb_blurb title=&#8221;Adres&#8221; use_icon=&#8221;on&#8221; font_icon=&#8221;%%249%%&#8221; icon_placement=&#8221;left&#8221; content_max_width=&#8221;1100px&#8221; use_icon_font_size=&#8221;on&#8221; icon_font_size=&#8221;28px&#8221; _builder_version=&#8221;4.5.1&#8243; header_font_size=&#8221;24px&#8221; header_line_height=&#8221;1.2em&#8221; body_font_size=&#8221;16px&#8221; body_line_height=&#8221;1.8em&#8221; background_layout=&#8221;dark&#8221; custom_padding=&#8221;|||&#8221; animation_style=&#8221;fold&#8221; animation_delay=&#8221;150ms&#8221; animation=&#8221;off&#8221; locked=&#8221;off&#8221;]<\/p>\n<p><strong>Consilios IT sp. z o.o.<\/strong><br \/>ul. Glogowska 31\/33<br \/>60-702 Pozna\u0144<br \/>NIP: 779-239-93-68<\/p>\n<p>[\/et_pb_blurb][et_pb_blurb title=&#8221;Godziny&#8221; use_icon=&#8221;on&#8221; font_icon=&#8221;%%227%%&#8221; icon_placement=&#8221;left&#8221; content_max_width=&#8221;1100px&#8221; use_icon_font_size=&#8221;on&#8221; icon_font_size=&#8221;28px&#8221; _builder_version=&#8221;4.5.1&#8243; header_font_size=&#8221;24px&#8221; header_line_height=&#8221;1.2em&#8221; body_font_size=&#8221;16px&#8221; body_line_height=&#8221;1.8em&#8221; background_layout=&#8221;dark&#8221; custom_padding=&#8221;|||&#8221; animation_style=&#8221;fold&#8221; animation_delay=&#8221;150ms&#8221; animation=&#8221;off&#8221; locked=&#8221;off&#8221;]<\/p>\n<p>Poniedzia\u0142ek-pi\u0105tek: 8-18<\/p>\n<p>[\/et_pb_blurb][et_pb_blurb title=&#8221;E-mail&#8221; use_icon=&#8221;on&#8221; font_icon=&#8221;%%238%%&#8221; icon_placement=&#8221;left&#8221; content_max_width=&#8221;1100px&#8221; use_icon_font_size=&#8221;on&#8221; icon_font_size=&#8221;28px&#8221; _builder_version=&#8221;4.5.1&#8243; header_font_size=&#8221;24px&#8221; header_line_height=&#8221;1.2em&#8221; body_font_size=&#8221;16px&#8221; body_line_height=&#8221;1.8em&#8221; background_layout=&#8221;dark&#8221; custom_padding=&#8221;|||&#8221; animation_style=&#8221;fold&#8221; animation_delay=&#8221;150ms&#8221; animation=&#8221;off&#8221; locked=&#8221;off&#8221;]<\/p>\n<p><a href=\"mailto:office@consiliosit.com\">office@consiliosit.com<\/a><\/p>\n<p>[\/et_pb_blurb][\/et_pb_column][et_pb_column type=&#8221;1_4&#8243; _builder_version=&#8221;3.0.47&#8243; custom_padding=&#8221;|||&#8221; custom_padding__hover=&#8221;|||&#8221;][et_pb_sidebar area=&#8221;sidebar-1&#8243; _builder_version=&#8221;4.4.8&#8243; header_font_size=&#8221;17px&#8221; body_font_size=&#8221;12px&#8221; body_line_height=&#8221;1.6em&#8221; background_layout=&#8221;dark&#8221;][\/et_pb_sidebar][et_pb_sidebar area=&#8221;sidebar-3&#8243; _builder_version=&#8221;4.4.8&#8243; header_font_size=&#8221;17px&#8221; body_font_size=&#8221;12px&#8221; body_line_height=&#8221;1.6em&#8221; background_layout=&#8221;dark&#8221;][\/et_pb_sidebar][\/et_pb_column][et_pb_column type=&#8221;1_4&#8243; _builder_version=&#8221;3.0.47&#8243; custom_padding=&#8221;|||&#8221; custom_padding__hover=&#8221;|||&#8221;][et_pb_sidebar area=&#8221;sidebar-4&#8243; _builder_version=&#8221;4.4.8&#8243; header_font_size=&#8221;17px&#8221; body_font_size=&#8221;12px&#8221; body_line_height=&#8221;1.6em&#8221; background_layout=&#8221;dark&#8221;][\/et_pb_sidebar][et_pb_sidebar area=&#8221;sidebar-5&#8243; _builder_version=&#8221;4.4.8&#8243; header_font_size=&#8221;17px&#8221; body_font_size=&#8221;12px&#8221; body_line_height=&#8221;1.6em&#8221; background_layout=&#8221;dark&#8221;][\/et_pb_sidebar][\/et_pb_column][\/et_pb_row][\/et_pb_section]<\/p>\n","protected":false},"excerpt":{"rendered":"<p><span><span><a href=\"https:\/\/consiliosit.com\/pl\/\">Home<\/a><\/span><\/span>1. Informacje og\u00f3lne. Operatorem Serwisu jest Consilios IT sp. z o.o. ul. G\u0142ogowska 31\/33, 60-702 Pozna\u0144. Serwis realizuje funkcje pozyskiwania informacji o u\u017cytkownikach i ich zachowaniu w nast\u0119puj\u0105cy spos\u00f3b: Poprzez dobrowolnie wprowadzone w formularzach informacje. Poprzez zapisywanie w urz\u0105dzeniach ko\u0144cowych pliki cookie (tzw. \u201eciasteczka\u201d). Poprzez gromadzenie log\u00f3w serwera www przez operatora hostingowego. 2. Informacja o [&hellip;]<\/p>\n","protected":false},"author":1,"featured_media":0,"parent":0,"menu_order":0,"comment_status":"closed","ping_status":"closed","template":"","meta":{"_et_pb_use_builder":"on","_et_pb_old_content":"","_et_gb_content_width":"","footnotes":""},"class_list":["post-517","page","type-page","status-publish","hentry"],"yoast_head":"<!-- This site is optimized with the Yoast SEO plugin v27.4 - https:\/\/yoast.com\/product\/yoast-seo-wordpress\/ -->\n<title>Polityka Cookies - Consilios IT - Rozwi\u0105zania SAP dla Twojej firmy<\/title>\n<meta name=\"robots\" content=\"index, follow, max-snippet:-1, max-image-preview:large, max-video-preview:-1\" \/>\n<link rel=\"canonical\" href=\"https:\/\/consiliosit.com\/pl\/polityka-cookies\/\" \/>\n<meta property=\"og:locale\" content=\"pl_PL\" \/>\n<meta property=\"og:type\" content=\"article\" \/>\n<meta property=\"og:title\" content=\"Polityka Cookies - Consilios IT - Rozwi\u0105zania SAP dla Twojej firmy\" \/>\n<meta property=\"og:description\" content=\"1. Informacje og\u00f3lne. Operatorem Serwisu jest Consilios IT sp. z o.o. ul. G\u0142ogowska 31\/33, 60-702 Pozna\u0144. Serwis realizuje funkcje pozyskiwania informacji o u\u017cytkownikach i ich zachowaniu w nast\u0119puj\u0105cy spos\u00f3b: Poprzez dobrowolnie wprowadzone w formularzach informacje. Poprzez zapisywanie w urz\u0105dzeniach ko\u0144cowych pliki cookie (tzw. \u201eciasteczka\u201d). Poprzez gromadzenie log\u00f3w serwera www przez operatora hostingowego. 2. Informacja o [&hellip;]\" \/>\n<meta property=\"og:url\" content=\"https:\/\/consiliosit.com\/pl\/polityka-cookies\/\" \/>\n<meta property=\"og:site_name\" content=\"Consilios IT - Rozwi\u0105zania SAP dla Twojej firmy\" \/>\n<meta property=\"article:modified_time\" content=\"2021-03-17T15:22:42+00:00\" \/>\n<meta name=\"twitter:card\" content=\"summary_large_image\" \/>\n<meta name=\"twitter:label1\" content=\"Szacowany czas czytania\" \/>\n\t<meta name=\"twitter:data1\" content=\"5 minut\" \/>\n<script type=\"application\/ld+json\" class=\"yoast-schema-graph\">{\"@context\":\"https:\\\/\\\/schema.org\",\"@graph\":[{\"@type\":\"WebPage\",\"@id\":\"https:\\\/\\\/consiliosit.com\\\/pl\\\/polityka-cookies\\\/\",\"url\":\"https:\\\/\\\/consiliosit.com\\\/pl\\\/polityka-cookies\\\/\",\"name\":\"Polityka Cookies - Consilios IT - Rozwi\u0105zania SAP dla Twojej firmy\",\"isPartOf\":{\"@id\":\"https:\\\/\\\/consiliosit.com\\\/#website\"},\"datePublished\":\"2020-07-08T08:33:34+00:00\",\"dateModified\":\"2021-03-17T15:22:42+00:00\",\"breadcrumb\":{\"@id\":\"https:\\\/\\\/consiliosit.com\\\/pl\\\/polityka-cookies\\\/#breadcrumb\"},\"inLanguage\":\"pl-PL\",\"potentialAction\":[{\"@type\":\"ReadAction\",\"target\":[\"https:\\\/\\\/consiliosit.com\\\/pl\\\/polityka-cookies\\\/\"]}]},{\"@type\":\"BreadcrumbList\",\"@id\":\"https:\\\/\\\/consiliosit.com\\\/pl\\\/polityka-cookies\\\/#breadcrumb\",\"itemListElement\":[{\"@type\":\"ListItem\",\"position\":1,\"name\":\"Home\",\"item\":\"https:\\\/\\\/consiliosit.com\\\/pl\\\/\"},{\"@type\":\"ListItem\",\"position\":2,\"name\":\"Polityka Cookies\"}]},{\"@type\":\"WebSite\",\"@id\":\"https:\\\/\\\/consiliosit.com\\\/#website\",\"url\":\"https:\\\/\\\/consiliosit.com\\\/\",\"name\":\"Consilios IT - SAP L\u00f6sungen f\u00fcr Ihr Unternehmen\",\"description\":\"\",\"publisher\":{\"@id\":\"https:\\\/\\\/consiliosit.com\\\/#organization\"},\"potentialAction\":[{\"@type\":\"SearchAction\",\"target\":{\"@type\":\"EntryPoint\",\"urlTemplate\":\"https:\\\/\\\/consiliosit.com\\\/?s={search_term_string}\"},\"query-input\":{\"@type\":\"PropertyValueSpecification\",\"valueRequired\":true,\"valueName\":\"search_term_string\"}}],\"inLanguage\":\"pl-PL\"},{\"@type\":\"Organization\",\"@id\":\"https:\\\/\\\/consiliosit.com\\\/#organization\",\"name\":\"Consilios IT\",\"url\":\"https:\\\/\\\/consiliosit.com\\\/\",\"logo\":{\"@type\":\"ImageObject\",\"inLanguage\":\"pl-PL\",\"@id\":\"https:\\\/\\\/consiliosit.com\\\/#\\\/schema\\\/logo\\\/image\\\/\",\"url\":\"https:\\\/\\\/consiliosit.com\\\/wp-content\\\/uploads\\\/2020\\\/04\\\/logo-consilios.png\",\"contentUrl\":\"https:\\\/\\\/consiliosit.com\\\/wp-content\\\/uploads\\\/2020\\\/04\\\/logo-consilios.png\",\"width\":300,\"height\":59,\"caption\":\"Consilios IT\"},\"image\":{\"@id\":\"https:\\\/\\\/consiliosit.com\\\/#\\\/schema\\\/logo\\\/image\\\/\"}}]}<\/script>\n<!-- \/ Yoast SEO plugin. -->","yoast_head_json":{"title":"Polityka Cookies - Consilios IT - Rozwi\u0105zania SAP dla Twojej firmy","robots":{"index":"index","follow":"follow","max-snippet":"max-snippet:-1","max-image-preview":"max-image-preview:large","max-video-preview":"max-video-preview:-1"},"canonical":"https:\/\/consiliosit.com\/pl\/polityka-cookies\/","og_locale":"pl_PL","og_type":"article","og_title":"Polityka Cookies - Consilios IT - Rozwi\u0105zania SAP dla Twojej firmy","og_description":"1. Informacje og\u00f3lne. Operatorem Serwisu jest Consilios IT sp. z o.o. ul. G\u0142ogowska 31\/33, 60-702 Pozna\u0144. Serwis realizuje funkcje pozyskiwania informacji o u\u017cytkownikach i ich zachowaniu w nast\u0119puj\u0105cy spos\u00f3b: Poprzez dobrowolnie wprowadzone w formularzach informacje. Poprzez zapisywanie w urz\u0105dzeniach ko\u0144cowych pliki cookie (tzw. \u201eciasteczka\u201d). Poprzez gromadzenie log\u00f3w serwera www przez operatora hostingowego. 2. Informacja o [&hellip;]","og_url":"https:\/\/consiliosit.com\/pl\/polityka-cookies\/","og_site_name":"Consilios IT - Rozwi\u0105zania SAP dla Twojej firmy","article_modified_time":"2021-03-17T15:22:42+00:00","twitter_card":"summary_large_image","twitter_misc":{"Szacowany czas czytania":"5 minut"},"schema":{"@context":"https:\/\/schema.org","@graph":[{"@type":"WebPage","@id":"https:\/\/consiliosit.com\/pl\/polityka-cookies\/","url":"https:\/\/consiliosit.com\/pl\/polityka-cookies\/","name":"Polityka Cookies - Consilios IT - Rozwi\u0105zania SAP dla Twojej firmy","isPartOf":{"@id":"https:\/\/consiliosit.com\/#website"},"datePublished":"2020-07-08T08:33:34+00:00","dateModified":"2021-03-17T15:22:42+00:00","breadcrumb":{"@id":"https:\/\/consiliosit.com\/pl\/polityka-cookies\/#breadcrumb"},"inLanguage":"pl-PL","potentialAction":[{"@type":"ReadAction","target":["https:\/\/consiliosit.com\/pl\/polityka-cookies\/"]}]},{"@type":"BreadcrumbList","@id":"https:\/\/consiliosit.com\/pl\/polityka-cookies\/#breadcrumb","itemListElement":[{"@type":"ListItem","position":1,"name":"Home","item":"https:\/\/consiliosit.com\/pl\/"},{"@type":"ListItem","position":2,"name":"Polityka Cookies"}]},{"@type":"WebSite","@id":"https:\/\/consiliosit.com\/#website","url":"https:\/\/consiliosit.com\/","name":"Consilios IT - SAP L\u00f6sungen f\u00fcr Ihr Unternehmen","description":"","publisher":{"@id":"https:\/\/consiliosit.com\/#organization"},"potentialAction":[{"@type":"SearchAction","target":{"@type":"EntryPoint","urlTemplate":"https:\/\/consiliosit.com\/?s={search_term_string}"},"query-input":{"@type":"PropertyValueSpecification","valueRequired":true,"valueName":"search_term_string"}}],"inLanguage":"pl-PL"},{"@type":"Organization","@id":"https:\/\/consiliosit.com\/#organization","name":"Consilios IT","url":"https:\/\/consiliosit.com\/","logo":{"@type":"ImageObject","inLanguage":"pl-PL","@id":"https:\/\/consiliosit.com\/#\/schema\/logo\/image\/","url":"https:\/\/consiliosit.com\/wp-content\/uploads\/2020\/04\/logo-consilios.png","contentUrl":"https:\/\/consiliosit.com\/wp-content\/uploads\/2020\/04\/logo-consilios.png","width":300,"height":59,"caption":"Consilios IT"},"image":{"@id":"https:\/\/consiliosit.com\/#\/schema\/logo\/image\/"}}]}},"_links":{"self":[{"href":"https:\/\/consiliosit.com\/pl\/wp-json\/wp\/v2\/pages\/517","targetHints":{"allow":["GET"]}}],"collection":[{"href":"https:\/\/consiliosit.com\/pl\/wp-json\/wp\/v2\/pages"}],"about":[{"href":"https:\/\/consiliosit.com\/pl\/wp-json\/wp\/v2\/types\/page"}],"author":[{"embeddable":true,"href":"https:\/\/consiliosit.com\/pl\/wp-json\/wp\/v2\/users\/1"}],"replies":[{"embeddable":true,"href":"https:\/\/consiliosit.com\/pl\/wp-json\/wp\/v2\/comments?post=517"}],"version-history":[{"count":2,"href":"https:\/\/consiliosit.com\/pl\/wp-json\/wp\/v2\/pages\/517\/revisions"}],"predecessor-version":[{"id":1548,"href":"https:\/\/consiliosit.com\/pl\/wp-json\/wp\/v2\/pages\/517\/revisions\/1548"}],"wp:attachment":[{"href":"https:\/\/consiliosit.com\/pl\/wp-json\/wp\/v2\/media?parent=517"}],"curies":[{"name":"wp","href":"https:\/\/api.w.org\/{rel}","templated":true}]}}