{"id":385,"date":"2020-07-07T12:23:22","date_gmt":"2020-07-07T10:23:22","guid":{"rendered":"https:\/\/consiliosit.com\/?page_id=385"},"modified":"2020-07-13T16:52:49","modified_gmt":"2020-07-13T14:52:49","slug":"prezentacja-dokumentow","status":"publish","type":"page","link":"https:\/\/consiliosit.com\/pl\/zarzadzanie-dokumentami-w-sap\/prezentacja-dokumentow\/","title":{"rendered":"Prezentacja dokument\u00f3w"},"content":{"rendered":"<p>[et_pb_section fb_built=&#8221;1&#8243; _builder_version=&#8221;4.4.8&#8243; use_background_color_gradient=&#8221;on&#8221; background_color_gradient_start=&#8221;rgba(0,0,0,0.51)&#8221; background_color_gradient_end=&#8221;rgba(0,0,0,0.51)&#8221; background_color_gradient_overlays_image=&#8221;on&#8221; background_image=&#8221;https:\/\/consiliosit.com\/wp-content\/uploads\/2020\/04\/berlin-sap.jpg&#8221; vertical_offset_tablet=&#8221;0&#8243; horizontal_offset_tablet=&#8221;0&#8243; custom_padding=&#8221;112px|0px|100px|0px|false|false&#8221; z_index_tablet=&#8221;0&#8243; box_shadow_horizontal_tablet=&#8221;0px&#8221; box_shadow_vertical_tablet=&#8221;0px&#8221; box_shadow_blur_tablet=&#8221;40px&#8221; box_shadow_spread_tablet=&#8221;0px&#8221; global_module=&#8221;173&#8243;][et_pb_row _builder_version=&#8221;3.25&#8243; custom_padding=&#8221;28px|0px|27px|0px|false|false&#8221;][et_pb_column type=&#8221;4_4&#8243; _builder_version=&#8221;3.0.47&#8243; custom_padding=&#8221;|||&#8221; custom_padding__hover=&#8221;|||&#8221;][et_pb_post_title meta=&#8221;off&#8221; featured_image=&#8221;off&#8221; text_color=&#8221;light&#8221; _builder_version=&#8221;3.18.7&#8243; title_font=&#8221;||||||||&#8221; title_font_size=&#8221;49px&#8221; text_orientation=&#8221;center&#8221; title_font_size_tablet=&#8221;&#8221; title_font_size_phone=&#8221;35px&#8221; title_font_size_last_edited=&#8221;on|phone&#8221; text_shadow_style=&#8221;preset2&#8243;][\/et_pb_post_title][et_pb_text module_class=&#8221;okruszki&#8221; _builder_version=&#8221;4.4.8&#8243; text_font_size=&#8221;13px&#8221; text_orientation=&#8221;center&#8221; background_layout=&#8221;dark&#8221;]<\/p>\n<p><span><span><span><a href=\"https:\/\/consiliosit.com\/pl\/\">Home<\/a><\/span><\/span><\/span><\/p>\n<p>[\/et_pb_text][\/et_pb_column][\/et_pb_row][\/et_pb_section][et_pb_section fb_built=&#8221;1&#8243; _builder_version=&#8221;4.4.8&#8243; custom_padding=&#8221;||0px|||&#8221;][et_pb_row _builder_version=&#8221;4.4.8&#8243;][et_pb_column type=&#8221;4_4&#8243; _builder_version=&#8221;4.4.8&#8243;][et_pb_text _builder_version=&#8221;4.4.8&#8243; text_font_size=&#8221;21px&#8221; text_line_height=&#8221;1.8em&#8221;]Istotnym czynnikiem, kt\u00f3ry wp\u0142ywa na efektywne prowadzenie przedsi\u0119biorstwa, jest szybki dost\u0119p do informacji. Rozwi\u0105zanie systemu SAP umo\u017cliwiaj\u0105ce taki dost\u0119p, stanowi Folder Management. Jak sama nazwa wskazuje jego podstawowe zadanie to zarz\u0105dzanie plikami.[\/et_pb_text][\/et_pb_column][\/et_pb_row][\/et_pb_section][et_pb_section fb_built=&#8221;1&#8243; _builder_version=&#8221;4.4.8&#8243; custom_margin=&#8221;-5px|||||&#8221; custom_padding=&#8221;6px||3px|||&#8221;][et_pb_row column_structure=&#8221;2_5,3_5&#8243; admin_label=&#8221;Wiersz&#8221; _builder_version=&#8221;4.4.8&#8243;][et_pb_column type=&#8221;2_5&#8243; _builder_version=&#8221;4.4.8&#8243;][et_pb_image src=&#8221;https:\/\/consiliosit.com\/wp-content\/uploads\/2020\/07\/szybki-dostep-do-dokumentow-dzieki-sap.jpg&#8221; alt=&#8221;Szybki Dostep Do Dokumentow Dzieki Sap&#8221; title_text=&#8221;Szybki Dostep Do Dokumentow Dzieki Sap&#8221; _builder_version=&#8221;4.4.8&#8243; custom_margin=&#8221;||5px|||&#8221;][\/et_pb_image][et_pb_text _builder_version=&#8221;4.4.8&#8243; text_font_size=&#8221;13px&#8221; custom_padding=&#8221;0px|||||&#8221;]<\/p>\n<p>Szybki dost\u0119p do dokument\u00f3w SAP<\/p>\n<p>[\/et_pb_text][\/et_pb_column][et_pb_column type=&#8221;3_5&#8243; _builder_version=&#8221;4.4.8&#8243;][et_pb_text _builder_version=&#8221;4.4.8&#8243;]<\/p>\n<p>Zamiana dokument\u00f3w papierowych na cyfrowe umo\u017cliwia szybkie i \u0142atwe wy\u015bwietlanie potrzebnych dokument\u00f3w. SAP Folder Management oferuje u\u017cytkownikom funkcje wykraczaj\u0105ce poza standardowe zarz\u0105dzanie aktami. Opr\u00f3cz prostej i szybkiej archiwizacji dokument\u00f3w mo\u017cna zintegrowa\u0107 r\u00f3\u017cne inne elementy elektroniczne, takie jak np. transakcje i raporty z systemu SAP. Ponadto do akt mo\u017cna do\u0142\u0105czy\u0107 strony internetowe. Dzi\u0119ki powy\u017cszym mo\u017cliwo\u015bciom upowa\u017cniony u\u017cytkownik otrzymuje centralny dost\u0119p do wszystkich informacji zwi\u0105zanych z danym procesem biznesowym.<\/p>\n<p>Za pomoc\u0105<strong> SAP Workflow<\/strong> \u2013 modu\u0142u automatyzuj\u0105cego przep\u0142yw informacji i zada\u0144 do wykonania mi\u0119dzy pracownikami \u2013 SAP Folder Management wspiera efektywn\u0105 prac\u0119.<\/p>\n<p>Do zalet <strong>SAP Folder Management<\/strong> zaliczamy przede wszystkim obs\u0142ug\u0119 zar\u00f3wno dokument\u00f3w jak i proces\u00f3w, szybki i wygodny dost\u0119p do uporz\u0105dkowanych informacji oraz obni\u017cenie koszt\u00f3w przechowywania akt papierowych .<\/p>\n<p>[\/et_pb_text][\/et_pb_column][\/et_pb_row][\/et_pb_section][et_pb_section fb_built=&#8221;1&#8243; admin_label=&#8221;Our Services&#8221; module_id=&#8221;about&#8221; _builder_version=&#8221;4.4.8&#8243; custom_padding=&#8221;|||&#8221;][et_pb_row _builder_version=&#8221;3.25&#8243; custom_margin=&#8221;|||&#8221; custom_padding=&#8221;|||&#8221;][et_pb_column type=&#8221;4_4&#8243; _builder_version=&#8221;3.25&#8243; custom_padding=&#8221;|||&#8221; custom_padding__hover=&#8221;|||&#8221;][et_pb_text _builder_version=&#8221;4.4.8&#8243; header_font=&#8221;||||||||&#8221; header_2_font=&#8221;||||||||&#8221; header_2_font_size=&#8221;34px&#8221; header_2_line_height=&#8221;1.4em&#8221; text_orientation=&#8221;center&#8221; custom_margin=&#8221;||30px||false&#8221; custom_margin_tablet=&#8221;||0px|&#8221; custom_margin_phone=&#8221;&#8221; custom_margin_last_edited=&#8221;on|tablet&#8221; hover_enabled=&#8221;0&#8243; text_font_size_tablet=&#8221;80px&#8221; text_font_size_phone=&#8221;60px&#8221; text_font_size_last_edited=&#8221;on|desktop&#8221; header_2_font_size_tablet=&#8221;&#8221; header_2_font_size_phone=&#8221;36px&#8221; header_2_font_size_last_edited=&#8221;on|phone&#8221;]<\/p>\n<h2>Zobacz nasze pozosta\u0142e us\u0142ugi<\/h2>\n<p>[\/et_pb_text][et_pb_divider divider_weight=&#8221;8px&#8221; _builder_version=&#8221;3.18.7&#8243; max_width=&#8221;5%&#8221; module_alignment=&#8221;center&#8221; height=&#8221;24px&#8221;][\/et_pb_divider][\/et_pb_column][\/et_pb_row][et_pb_row column_structure=&#8221;1_3,1_3,1_3&#8243; _builder_version=&#8221;3.25&#8243; custom_margin=&#8221;|||&#8221; custom_padding=&#8221;|||&#8221;][et_pb_column type=&#8221;1_3&#8243; _builder_version=&#8221;3.25&#8243; custom_padding=&#8221;|||&#8221; custom_padding__hover=&#8221;|||&#8221;][et_pb_blurb title=&#8221;Zarz\u0105dzanie dokumentami w SAP&#8221; _builder_version=&#8221;4.4.8&#8243; header_font_size=&#8221;20px&#8221; header_line_height=&#8221;1.2em&#8221; body_line_height=&#8221;1.8em&#8221; background_color=&#8221;#F01F26&#8243; background_layout=&#8221;dark&#8221; min_height=&#8221;271px&#8221; custom_padding=&#8221;40px|30px|40px|30px|true|true&#8221; animation_style=&#8221;fold&#8221; animation_delay=&#8221;300ms&#8221; animation=&#8221;off&#8221; link_option_url=&#8221;https:\/\/consiliosit.com\/pl\/zarzadzanie-dokumentami-w-sap\/&#8221; locked=&#8221;off&#8221;]Oferujemy profesjonalne rozwi\u0105zania dla \u015brednich i du\u017cych przedsi\u0119biorstw w oparciu o zaawansowane technologie SAP.[\/et_pb_blurb][\/et_pb_column][et_pb_column type=&#8221;1_3&#8243; _builder_version=&#8221;3.25&#8243; custom_padding=&#8221;|||&#8221; custom_padding__hover=&#8221;|||&#8221;][et_pb_blurb title=&#8221;Archiwizacja i zarz\u0105dzanie repozytoriami&#8221; _builder_version=&#8221;4.4.8&#8243; header_font_size=&#8221;20px&#8221; header_line_height=&#8221;1.2em&#8221; body_line_height=&#8221;1.8em&#8221; background_color=&#8221;#e2e2e2&#8243; min_height=&#8221;271px&#8221; custom_padding=&#8221;40px|30px|40px|30px|true|true&#8221; animation_style=&#8221;fold&#8221; animation_delay=&#8221;150ms&#8221; animation=&#8221;off&#8221; link_option_url=&#8221;https:\/\/consiliosit.com\/pl\/zarzadzanie-dokumentami-w-sap\/archiwizacja-i-zarzadzanie-repozytoriami\/&#8221; locked=&#8221;off&#8221;]Oprogramowanie SAP umo\u017cliwia przechowywanie danych, uwzgl\u0119dniaj\u0105c zar\u00f3wno wymogi prawne, jak i wszystkie wytyczne firmy.[\/et_pb_blurb][\/et_pb_column][et_pb_column type=&#8221;1_3&#8243; _builder_version=&#8221;3.25&#8243; custom_padding=&#8221;|||&#8221; custom_padding__hover=&#8221;|||&#8221;][et_pb_blurb title=&#8221;Zarz\u0105dzanie wydrukiem w SAP&#8221; _builder_version=&#8221;4.4.8&#8243; header_font_size=&#8221;20px&#8221; header_line_height=&#8221;1.2em&#8221; body_line_height=&#8221;1.8em&#8221; background_color=&#8221;#ffffff&#8221; min_height=&#8221;271px&#8221; custom_padding=&#8221;40px|30px|40px|30px|true|true&#8221; animation_style=&#8221;fold&#8221; animation_delay=&#8221;200ms&#8221; animation=&#8221;off&#8221; link_option_url=&#8221;https:\/\/consiliosit.com\/pl\/zarzadzanie-dokumentami-w-sap\/zarzadzanie-wydrukiem-w-sap\/&#8221; border_width_all=&#8221;1px&#8221; border_color_all=&#8221;rgba(21,49,78,0.17)&#8221; locked=&#8221;off&#8221;]Komponenty, kt\u00f3re optymalizuj\u0105 zarz\u0105dzanie wydrukiem, oferuje system SAP. Wdro\u017cenie tej funkcjonalno\u015bci zapewnia przygotowanie na ka\u017cdy rodzaj i form\u0119 korespondencji.[\/et_pb_blurb][\/et_pb_column][\/et_pb_row][et_pb_row column_structure=&#8221;1_3,1_3,1_3&#8243; _builder_version=&#8221;3.25&#8243; custom_margin=&#8221;|||&#8221; custom_padding=&#8221;|||&#8221;][et_pb_column type=&#8221;1_3&#8243; _builder_version=&#8221;3.25&#8243; custom_padding=&#8221;|||&#8221; custom_padding__hover=&#8221;|||&#8221;][et_pb_blurb title=&#8221;Prezentacja dokument\u00f3w&#8221; _builder_version=&#8221;4.4.8&#8243; header_font=&#8221;||||||||&#8221; header_font_size=&#8221;20px&#8221; header_line_height=&#8221;1.2em&#8221; body_font=&#8221;||||||||&#8221; body_line_height=&#8221;1.8em&#8221; background_color=&#8221;#ffffff&#8221; min_height=&#8221;271px&#8221; custom_padding=&#8221;40px|30px|40px|30px|true|true&#8221; animation_style=&#8221;fold&#8221; animation_delay=&#8221;450ms&#8221; animation=&#8221;off&#8221; link_option_url=&#8221;https:\/\/consiliosit.com\/pl\/zarzadzanie-dokumentami-w-sap\/prezentacja-dokumentow\/&#8221; border_width_all=&#8221;1px&#8221; border_color_all=&#8221;rgba(21,49,78,0.17)&#8221; locked=&#8221;off&#8221;]Rozwi\u0105zanie systemu SAP umo\u017cliwiaj\u0105ce dost\u0119p to Folder Management. Jak sama nazwa wskazuje jego podstawowe zadanie to zarz\u0105dzanie plikami.[\/et_pb_blurb][\/et_pb_column][et_pb_column type=&#8221;1_3&#8243; _builder_version=&#8221;3.25&#8243; custom_padding=&#8221;|||&#8221; custom_padding__hover=&#8221;|||&#8221;][\/et_pb_column][et_pb_column type=&#8221;1_3&#8243; _builder_version=&#8221;3.25&#8243; custom_padding=&#8221;|||&#8221; custom_padding__hover=&#8221;|||&#8221;][\/et_pb_column][\/et_pb_row][\/et_pb_section][et_pb_section fb_built=&#8221;1&#8243; custom_padding_last_edited=&#8221;off|desktop&#8221; admin_label=&#8221;Footer&#8221; _builder_version=&#8221;4.4.8&#8243; use_background_color_gradient=&#8221;on&#8221; background_color_gradient_start=&#8221;rgba(0,0,0,0.65)&#8221; background_color_gradient_end=&#8221;#0c0c0c&#8221; background_color_gradient_end_position=&#8221;85%&#8221; background_color_gradient_overlays_image=&#8221;on&#8221; background_image=&#8221;https:\/\/consiliosit.com\/wp-content\/uploads\/2020\/04\/berlin-sap.jpg&#8221; vertical_offset_tablet=&#8221;0&#8243; horizontal_offset_tablet=&#8221;0&#8243; custom_margin=&#8221;|||&#8221; custom_padding=&#8221;10px|0px|10px|0px|true|false&#8221; custom_padding_tablet=&#8221;10vw||10vw||true&#8221; custom_padding_phone=&#8221;5vw||5vw||true&#8221; z_index_tablet=&#8221;0&#8243; box_shadow_horizontal_tablet=&#8221;0px&#8221; box_shadow_vertical_tablet=&#8221;0px&#8221; box_shadow_blur_tablet=&#8221;40px&#8221; box_shadow_spread_tablet=&#8221;0px&#8221; global_module=&#8221;174&#8243; locked=&#8221;off&#8221;][et_pb_row column_structure=&#8221;1_2,1_4,1_4&#8243; _builder_version=&#8221;3.25&#8243; custom_padding=&#8221;59px|||||&#8221;][et_pb_column type=&#8221;1_2&#8243; _builder_version=&#8221;3.0.47&#8243; custom_padding=&#8221;|||&#8221; custom_padding__hover=&#8221;|||&#8221;][et_pb_image src=&#8221;https:\/\/consiliosit.com\/wp-content\/uploads\/2020\/04\/logo_whiteC.png&#8221; align_tablet=&#8221;center&#8221; align_phone=&#8221;&#8221; align_last_edited=&#8221;on|desktop&#8221; _builder_version=&#8221;3.23&#8243;][\/et_pb_image][et_pb_text _builder_version=&#8221;4.4.8&#8243; text_font=&#8221;||||||||&#8221; text_font_size=&#8221;13px&#8221; background_layout=&#8221;dark&#8221;]<\/p>\n<p><span><strong>Consilios IT<\/strong> powsta\u0142 w 2011 roku. Nasze us\u0142ugi koncentruj\u0105 si\u0119 przede wszystkim na doradztwie i programowaniu w SAP. Od pocz\u0105tku istnienia firmy specjalizujemy si\u0119 we wdra\u017caniu nast\u0119puj\u0105cych modu\u0142\u00f3w SAP: RE-FX (zarz\u0105dzanie nieruchomo\u015bciami), FI (rachunkowo\u015b\u0107), zarz\u0105dzanie dokumentami, zarz\u0105dzanie funduszami inwestycyjnymi zamkni\u0119tymi.<\/span><\/p>\n<p>[\/et_pb_text][et_pb_blurb title=&#8221;Adres&#8221; use_icon=&#8221;on&#8221; font_icon=&#8221;%%249%%&#8221; icon_placement=&#8221;left&#8221; content_max_width=&#8221;1100px&#8221; use_icon_font_size=&#8221;on&#8221; icon_font_size=&#8221;28px&#8221; _builder_version=&#8221;4.4.8&#8243; header_font_size=&#8221;24px&#8221; header_line_height=&#8221;1.2em&#8221; body_font_size=&#8221;16px&#8221; body_line_height=&#8221;1.8em&#8221; background_layout=&#8221;dark&#8221; custom_padding=&#8221;|||&#8221; animation_style=&#8221;fold&#8221; animation_delay=&#8221;150ms&#8221; animation=&#8221;off&#8221; locked=&#8221;off&#8221;]<\/p>\n<p><strong>Consilios IT sp. z o.o. sp.k<\/strong><br \/><span>ul. G\u0142ogowska 31\/33, 60-702 Pozna\u0144<\/span><\/p>\n<p>[\/et_pb_blurb][et_pb_blurb title=&#8221;Godziny&#8221; use_icon=&#8221;on&#8221; font_icon=&#8221;%%227%%&#8221; icon_placement=&#8221;left&#8221; content_max_width=&#8221;1100px&#8221; use_icon_font_size=&#8221;on&#8221; icon_font_size=&#8221;28px&#8221; _builder_version=&#8221;3.18.7&#8243; header_font_size=&#8221;24px&#8221; header_line_height=&#8221;1.2em&#8221; body_font_size=&#8221;16px&#8221; body_line_height=&#8221;1.8em&#8221; background_layout=&#8221;dark&#8221; custom_padding=&#8221;|||&#8221; animation_style=&#8221;fold&#8221; animation_delay=&#8221;150ms&#8221; animation=&#8221;off&#8221; locked=&#8221;off&#8221;]<\/p>\n<p>\nPon-pi\u0105tek: 8-18<br \/>Sobota i niedziela &#8211; zamkni\u0119te<\/p>\n<p>[\/et_pb_blurb][et_pb_blurb title=&#8221;Email&#8221; use_icon=&#8221;on&#8221; font_icon=&#8221;%%238%%&#8221; icon_placement=&#8221;left&#8221; content_max_width=&#8221;1100px&#8221; use_icon_font_size=&#8221;on&#8221; icon_font_size=&#8221;28px&#8221; _builder_version=&#8221;4.4.8&#8243; header_font_size=&#8221;24px&#8221; header_line_height=&#8221;1.2em&#8221; body_font_size=&#8221;16px&#8221; body_line_height=&#8221;1.8em&#8221; background_layout=&#8221;dark&#8221; custom_padding=&#8221;|||&#8221; animation_style=&#8221;fold&#8221; animation_delay=&#8221;150ms&#8221; animation=&#8221;off&#8221; locked=&#8221;off&#8221;]<\/p>\n<p><a href=\"mailto:office@consiliosit.com\">office@consiliosit.com<\/a><\/p>\n<p>[\/et_pb_blurb][\/et_pb_column][et_pb_column type=&#8221;1_4&#8243; _builder_version=&#8221;3.0.47&#8243; custom_padding=&#8221;|||&#8221; custom_padding__hover=&#8221;|||&#8221;][et_pb_sidebar area=&#8221;sidebar-1&#8243; _builder_version=&#8221;4.4.8&#8243; header_font_size=&#8221;17px&#8221; body_font_size=&#8221;12px&#8221; body_line_height=&#8221;1.6em&#8221; background_layout=&#8221;dark&#8221;][\/et_pb_sidebar][et_pb_sidebar area=&#8221;sidebar-3&#8243; _builder_version=&#8221;4.4.8&#8243; header_font_size=&#8221;17px&#8221; body_font_size=&#8221;12px&#8221; body_line_height=&#8221;1.6em&#8221; background_layout=&#8221;dark&#8221;][\/et_pb_sidebar][\/et_pb_column][et_pb_column type=&#8221;1_4&#8243; _builder_version=&#8221;3.0.47&#8243; custom_padding=&#8221;|||&#8221; custom_padding__hover=&#8221;|||&#8221;][et_pb_sidebar area=&#8221;sidebar-4&#8243; _builder_version=&#8221;4.4.8&#8243; header_font_size=&#8221;17px&#8221; body_font_size=&#8221;12px&#8221; body_line_height=&#8221;1.6em&#8221; background_layout=&#8221;dark&#8221;][\/et_pb_sidebar][et_pb_sidebar area=&#8221;sidebar-5&#8243; _builder_version=&#8221;4.4.8&#8243; header_font_size=&#8221;17px&#8221; body_font_size=&#8221;12px&#8221; body_line_height=&#8221;1.6em&#8221; background_layout=&#8221;dark&#8221;][\/et_pb_sidebar][\/et_pb_column][\/et_pb_row][\/et_pb_section]<\/p>\n","protected":false},"excerpt":{"rendered":"<p><span><span><a href=\"https:\/\/consiliosit.com\/pl\/\">Home<\/a><\/span><\/span>Istotnym czynnikiem, kt\u00f3ry wp\u0142ywa na efektywne prowadzenie przedsi\u0119biorstwa, jest szybki dost\u0119p do informacji. Rozwi\u0105zanie systemu SAP umo\u017cliwiaj\u0105ce taki dost\u0119p, stanowi Folder Management. Jak sama nazwa wskazuje jego podstawowe zadanie to zarz\u0105dzanie plikami.Szybki dost\u0119p do dokument\u00f3w SAPZamiana dokument\u00f3w papierowych na cyfrowe umo\u017cliwia szybkie i \u0142atwe wy\u015bwietlanie potrzebnych dokument\u00f3w. SAP Folder Management oferuje u\u017cytkownikom funkcje wykraczaj\u0105ce poza [&hellip;]<\/p>\n","protected":false},"author":1,"featured_media":0,"parent":285,"menu_order":0,"comment_status":"closed","ping_status":"closed","template":"","meta":{"_et_pb_use_builder":"on","_et_pb_old_content":"","_et_gb_content_width":"","footnotes":""},"class_list":["post-385","page","type-page","status-publish","hentry"],"yoast_head":"<!-- This site is optimized with the Yoast SEO plugin v27.4 - https:\/\/yoast.com\/product\/yoast-seo-wordpress\/ -->\n<title>Prezentacja dokument\u00f3w - Consilios IT - Rozwi\u0105zania SAP dla Twojej firmy<\/title>\n<meta name=\"robots\" content=\"index, follow, max-snippet:-1, max-image-preview:large, max-video-preview:-1\" \/>\n<link rel=\"canonical\" href=\"https:\/\/consiliosit.com\/pl\/zarzadzanie-dokumentami-w-sap\/prezentacja-dokumentow\/\" \/>\n<meta property=\"og:locale\" content=\"pl_PL\" \/>\n<meta property=\"og:type\" content=\"article\" \/>\n<meta property=\"og:title\" content=\"Prezentacja dokument\u00f3w - Consilios IT - Rozwi\u0105zania SAP dla Twojej firmy\" \/>\n<meta property=\"og:description\" content=\"Istotnym czynnikiem, kt\u00f3ry wp\u0142ywa na efektywne prowadzenie przedsi\u0119biorstwa, jest szybki dost\u0119p do informacji. Rozwi\u0105zanie systemu SAP umo\u017cliwiaj\u0105ce taki dost\u0119p, stanowi Folder Management. Jak sama nazwa wskazuje jego podstawowe zadanie to zarz\u0105dzanie plikami.Szybki dost\u0119p do dokument\u00f3w SAPZamiana dokument\u00f3w papierowych na cyfrowe umo\u017cliwia szybkie i \u0142atwe wy\u015bwietlanie potrzebnych dokument\u00f3w. SAP Folder Management oferuje u\u017cytkownikom funkcje wykraczaj\u0105ce poza [&hellip;]\" \/>\n<meta property=\"og:url\" content=\"https:\/\/consiliosit.com\/pl\/zarzadzanie-dokumentami-w-sap\/prezentacja-dokumentow\/\" \/>\n<meta property=\"og:site_name\" content=\"Consilios IT - Rozwi\u0105zania SAP dla Twojej firmy\" \/>\n<meta property=\"article:modified_time\" content=\"2020-07-13T14:52:49+00:00\" \/>\n<meta name=\"twitter:card\" content=\"summary_large_image\" \/>\n<meta name=\"twitter:label1\" content=\"Szacowany czas czytania\" \/>\n\t<meta name=\"twitter:data1\" content=\"8 minut\" \/>\n<script type=\"application\/ld+json\" class=\"yoast-schema-graph\">{\"@context\":\"https:\\\/\\\/schema.org\",\"@graph\":[{\"@type\":\"WebPage\",\"@id\":\"https:\\\/\\\/consiliosit.com\\\/pl\\\/zarzadzanie-dokumentami-w-sap\\\/prezentacja-dokumentow\\\/\",\"url\":\"https:\\\/\\\/consiliosit.com\\\/pl\\\/zarzadzanie-dokumentami-w-sap\\\/prezentacja-dokumentow\\\/\",\"name\":\"Prezentacja dokument\u00f3w - Consilios IT - Rozwi\u0105zania SAP dla Twojej firmy\",\"isPartOf\":{\"@id\":\"https:\\\/\\\/consiliosit.com\\\/#website\"},\"datePublished\":\"2020-07-07T10:23:22+00:00\",\"dateModified\":\"2020-07-13T14:52:49+00:00\",\"breadcrumb\":{\"@id\":\"https:\\\/\\\/consiliosit.com\\\/pl\\\/zarzadzanie-dokumentami-w-sap\\\/prezentacja-dokumentow\\\/#breadcrumb\"},\"inLanguage\":\"pl-PL\",\"potentialAction\":[{\"@type\":\"ReadAction\",\"target\":[\"https:\\\/\\\/consiliosit.com\\\/pl\\\/zarzadzanie-dokumentami-w-sap\\\/prezentacja-dokumentow\\\/\"]}]},{\"@type\":\"BreadcrumbList\",\"@id\":\"https:\\\/\\\/consiliosit.com\\\/pl\\\/zarzadzanie-dokumentami-w-sap\\\/prezentacja-dokumentow\\\/#breadcrumb\",\"itemListElement\":[{\"@type\":\"ListItem\",\"position\":1,\"name\":\"Home\",\"item\":\"https:\\\/\\\/consiliosit.com\\\/pl\\\/\"},{\"@type\":\"ListItem\",\"position\":2,\"name\":\"Zarz\u0105dzanie dokumentami w SAP\",\"item\":\"https:\\\/\\\/consiliosit.com\\\/pl\\\/zarzadzanie-dokumentami-w-sap\\\/\"},{\"@type\":\"ListItem\",\"position\":3,\"name\":\"Prezentacja dokument\u00f3w\"}]},{\"@type\":\"WebSite\",\"@id\":\"https:\\\/\\\/consiliosit.com\\\/#website\",\"url\":\"https:\\\/\\\/consiliosit.com\\\/\",\"name\":\"Consilios IT - SAP L\u00f6sungen f\u00fcr Ihr Unternehmen\",\"description\":\"\",\"publisher\":{\"@id\":\"https:\\\/\\\/consiliosit.com\\\/#organization\"},\"potentialAction\":[{\"@type\":\"SearchAction\",\"target\":{\"@type\":\"EntryPoint\",\"urlTemplate\":\"https:\\\/\\\/consiliosit.com\\\/?s={search_term_string}\"},\"query-input\":{\"@type\":\"PropertyValueSpecification\",\"valueRequired\":true,\"valueName\":\"search_term_string\"}}],\"inLanguage\":\"pl-PL\"},{\"@type\":\"Organization\",\"@id\":\"https:\\\/\\\/consiliosit.com\\\/#organization\",\"name\":\"Consilios IT\",\"url\":\"https:\\\/\\\/consiliosit.com\\\/\",\"logo\":{\"@type\":\"ImageObject\",\"inLanguage\":\"pl-PL\",\"@id\":\"https:\\\/\\\/consiliosit.com\\\/#\\\/schema\\\/logo\\\/image\\\/\",\"url\":\"https:\\\/\\\/consiliosit.com\\\/wp-content\\\/uploads\\\/2020\\\/04\\\/logo-consilios.png\",\"contentUrl\":\"https:\\\/\\\/consiliosit.com\\\/wp-content\\\/uploads\\\/2020\\\/04\\\/logo-consilios.png\",\"width\":300,\"height\":59,\"caption\":\"Consilios IT\"},\"image\":{\"@id\":\"https:\\\/\\\/consiliosit.com\\\/#\\\/schema\\\/logo\\\/image\\\/\"}}]}<\/script>\n<!-- \/ Yoast SEO plugin. -->","yoast_head_json":{"title":"Prezentacja dokument\u00f3w - Consilios IT - Rozwi\u0105zania SAP dla Twojej firmy","robots":{"index":"index","follow":"follow","max-snippet":"max-snippet:-1","max-image-preview":"max-image-preview:large","max-video-preview":"max-video-preview:-1"},"canonical":"https:\/\/consiliosit.com\/pl\/zarzadzanie-dokumentami-w-sap\/prezentacja-dokumentow\/","og_locale":"pl_PL","og_type":"article","og_title":"Prezentacja dokument\u00f3w - Consilios IT - Rozwi\u0105zania SAP dla Twojej firmy","og_description":"Istotnym czynnikiem, kt\u00f3ry wp\u0142ywa na efektywne prowadzenie przedsi\u0119biorstwa, jest szybki dost\u0119p do informacji. Rozwi\u0105zanie systemu SAP umo\u017cliwiaj\u0105ce taki dost\u0119p, stanowi Folder Management. Jak sama nazwa wskazuje jego podstawowe zadanie to zarz\u0105dzanie plikami.Szybki dost\u0119p do dokument\u00f3w SAPZamiana dokument\u00f3w papierowych na cyfrowe umo\u017cliwia szybkie i \u0142atwe wy\u015bwietlanie potrzebnych dokument\u00f3w. SAP Folder Management oferuje u\u017cytkownikom funkcje wykraczaj\u0105ce poza [&hellip;]","og_url":"https:\/\/consiliosit.com\/pl\/zarzadzanie-dokumentami-w-sap\/prezentacja-dokumentow\/","og_site_name":"Consilios IT - Rozwi\u0105zania SAP dla Twojej firmy","article_modified_time":"2020-07-13T14:52:49+00:00","twitter_card":"summary_large_image","twitter_misc":{"Szacowany czas czytania":"8 minut"},"schema":{"@context":"https:\/\/schema.org","@graph":[{"@type":"WebPage","@id":"https:\/\/consiliosit.com\/pl\/zarzadzanie-dokumentami-w-sap\/prezentacja-dokumentow\/","url":"https:\/\/consiliosit.com\/pl\/zarzadzanie-dokumentami-w-sap\/prezentacja-dokumentow\/","name":"Prezentacja dokument\u00f3w - Consilios IT - Rozwi\u0105zania SAP dla Twojej firmy","isPartOf":{"@id":"https:\/\/consiliosit.com\/#website"},"datePublished":"2020-07-07T10:23:22+00:00","dateModified":"2020-07-13T14:52:49+00:00","breadcrumb":{"@id":"https:\/\/consiliosit.com\/pl\/zarzadzanie-dokumentami-w-sap\/prezentacja-dokumentow\/#breadcrumb"},"inLanguage":"pl-PL","potentialAction":[{"@type":"ReadAction","target":["https:\/\/consiliosit.com\/pl\/zarzadzanie-dokumentami-w-sap\/prezentacja-dokumentow\/"]}]},{"@type":"BreadcrumbList","@id":"https:\/\/consiliosit.com\/pl\/zarzadzanie-dokumentami-w-sap\/prezentacja-dokumentow\/#breadcrumb","itemListElement":[{"@type":"ListItem","position":1,"name":"Home","item":"https:\/\/consiliosit.com\/pl\/"},{"@type":"ListItem","position":2,"name":"Zarz\u0105dzanie dokumentami w SAP","item":"https:\/\/consiliosit.com\/pl\/zarzadzanie-dokumentami-w-sap\/"},{"@type":"ListItem","position":3,"name":"Prezentacja dokument\u00f3w"}]},{"@type":"WebSite","@id":"https:\/\/consiliosit.com\/#website","url":"https:\/\/consiliosit.com\/","name":"Consilios IT - SAP L\u00f6sungen f\u00fcr Ihr Unternehmen","description":"","publisher":{"@id":"https:\/\/consiliosit.com\/#organization"},"potentialAction":[{"@type":"SearchAction","target":{"@type":"EntryPoint","urlTemplate":"https:\/\/consiliosit.com\/?s={search_term_string}"},"query-input":{"@type":"PropertyValueSpecification","valueRequired":true,"valueName":"search_term_string"}}],"inLanguage":"pl-PL"},{"@type":"Organization","@id":"https:\/\/consiliosit.com\/#organization","name":"Consilios IT","url":"https:\/\/consiliosit.com\/","logo":{"@type":"ImageObject","inLanguage":"pl-PL","@id":"https:\/\/consiliosit.com\/#\/schema\/logo\/image\/","url":"https:\/\/consiliosit.com\/wp-content\/uploads\/2020\/04\/logo-consilios.png","contentUrl":"https:\/\/consiliosit.com\/wp-content\/uploads\/2020\/04\/logo-consilios.png","width":300,"height":59,"caption":"Consilios IT"},"image":{"@id":"https:\/\/consiliosit.com\/#\/schema\/logo\/image\/"}}]}},"_links":{"self":[{"href":"https:\/\/consiliosit.com\/pl\/wp-json\/wp\/v2\/pages\/385","targetHints":{"allow":["GET"]}}],"collection":[{"href":"https:\/\/consiliosit.com\/pl\/wp-json\/wp\/v2\/pages"}],"about":[{"href":"https:\/\/consiliosit.com\/pl\/wp-json\/wp\/v2\/types\/page"}],"author":[{"embeddable":true,"href":"https:\/\/consiliosit.com\/pl\/wp-json\/wp\/v2\/users\/1"}],"replies":[{"embeddable":true,"href":"https:\/\/consiliosit.com\/pl\/wp-json\/wp\/v2\/comments?post=385"}],"version-history":[{"count":0,"href":"https:\/\/consiliosit.com\/pl\/wp-json\/wp\/v2\/pages\/385\/revisions"}],"up":[{"embeddable":true,"href":"https:\/\/consiliosit.com\/pl\/wp-json\/wp\/v2\/pages\/285"}],"wp:attachment":[{"href":"https:\/\/consiliosit.com\/pl\/wp-json\/wp\/v2\/media?parent=385"}],"curies":[{"name":"wp","href":"https:\/\/api.w.org\/{rel}","templated":true}]}}