{"id":241,"date":"2020-07-02T09:26:07","date_gmt":"2020-07-02T07:26:07","guid":{"rendered":"https:\/\/consiliosit.com\/?page_id=241"},"modified":"2020-07-13T16:49:27","modified_gmt":"2020-07-13T14:49:27","slug":"programowanie-w-sap","status":"publish","type":"page","link":"https:\/\/consiliosit.com\/pl\/pozostale-uslugi\/programowanie-w-sap\/","title":{"rendered":"Programowanie w SAP"},"content":{"rendered":"<p>[et_pb_section fb_built=&#8221;1&#8243; _builder_version=&#8221;4.4.8&#8243; use_background_color_gradient=&#8221;on&#8221; background_color_gradient_start=&#8221;rgba(0,0,0,0.51)&#8221; background_color_gradient_end=&#8221;rgba(0,0,0,0.51)&#8221; background_color_gradient_overlays_image=&#8221;on&#8221; background_image=&#8221;https:\/\/consiliosit.com\/wp-content\/uploads\/2020\/04\/berlin-sap.jpg&#8221; vertical_offset_tablet=&#8221;0&#8243; horizontal_offset_tablet=&#8221;0&#8243; custom_padding=&#8221;112px|0px|100px|0px|false|false&#8221; z_index_tablet=&#8221;0&#8243; box_shadow_horizontal_tablet=&#8221;0px&#8221; box_shadow_vertical_tablet=&#8221;0px&#8221; box_shadow_blur_tablet=&#8221;40px&#8221; box_shadow_spread_tablet=&#8221;0px&#8221; global_module=&#8221;173&#8243;][et_pb_row _builder_version=&#8221;3.25&#8243; custom_padding=&#8221;28px|0px|27px|0px|false|false&#8221;][et_pb_column type=&#8221;4_4&#8243; _builder_version=&#8221;3.0.47&#8243; custom_padding=&#8221;|||&#8221; custom_padding__hover=&#8221;|||&#8221;][et_pb_post_title meta=&#8221;off&#8221; featured_image=&#8221;off&#8221; text_color=&#8221;light&#8221; _builder_version=&#8221;3.18.7&#8243; title_font=&#8221;||||||||&#8221; title_font_size=&#8221;49px&#8221; text_orientation=&#8221;center&#8221; title_font_size_tablet=&#8221;&#8221; title_font_size_phone=&#8221;35px&#8221; title_font_size_last_edited=&#8221;on|phone&#8221; text_shadow_style=&#8221;preset2&#8243;][\/et_pb_post_title][et_pb_text module_class=&#8221;okruszki&#8221; _builder_version=&#8221;4.4.8&#8243; text_font_size=&#8221;13px&#8221; text_orientation=&#8221;center&#8221; background_layout=&#8221;dark&#8221;]<\/p>\n<p><span><span><span><a href=\"https:\/\/consiliosit.com\/pl\/\">Home<\/a><\/span><\/span><\/span><\/p>\n<p>[\/et_pb_text][\/et_pb_column][\/et_pb_row][\/et_pb_section][et_pb_section fb_built=&#8221;1&#8243; _builder_version=&#8221;4.4.8&#8243; custom_padding=&#8221;||0px|||&#8221;][et_pb_row _builder_version=&#8221;4.4.8&#8243;][et_pb_column type=&#8221;4_4&#8243; _builder_version=&#8221;4.4.8&#8243;][et_pb_text _builder_version=&#8221;4.4.8&#8243; text_font_size=&#8221;21px&#8221; text_line_height=&#8221;1.8em&#8221;]<\/p>\n<p>Oferta <strong>Consilios IT<\/strong> obejmuje tworzenie profesjonalnego oprogramowania dla SAP. Podstaw\u0105 tego systemu jest j\u0119zyk ABAP. Nasz zesp\u00f3\u0142 programistyczny posiada wieloletnie do\u015bwiadczenie i umiej\u0119tno\u015bci niezb\u0119dne do budowy oprogramowania w tym j\u0119zyku.<\/p>\n<p>[\/et_pb_text][\/et_pb_column][\/et_pb_row][\/et_pb_section][et_pb_section fb_built=&#8221;1&#8243; _builder_version=&#8221;4.4.8&#8243; custom_padding=&#8221;6px||5px|||&#8221;][et_pb_row admin_label=&#8221;Wiersz&#8221; _builder_version=&#8221;4.4.8&#8243; custom_padding=&#8221;13px|||||&#8221;][et_pb_column type=&#8221;4_4&#8243; _builder_version=&#8221;4.4.8&#8243;][et_pb_text _builder_version=&#8221;4.4.8&#8243;]Nowe potrzeby biznesowe i oparte na nich koncepcje rozwoju wymagaj\u0105 dostosowania istniej\u0105cego programu do oczekiwa\u0144 klient\u00f3w oraz wprowadzenia r\u00f3\u017cnych nowych funkcjonalno\u015bci. Wsp\u00f3\u0142pracujemy z przedsi\u0119biorstwami, kt\u00f3re przez szybk\u0105 reakcj\u0119 na zmieniaj\u0105ce si\u0119 procesy i wymagania otoczenia, chc\u0105 stanowi\u0107 konkurencj\u0119 na rynku niezale\u017cnie od bran\u017cy.<\/p>\n<p>Ka\u017cdy krok dotycz\u0105cy zar\u00f3wno modyfikacji systemu, jak i pisania dla niego rozszerzenia, omawiamy szczeg\u00f3\u0142owo z klientem. W ramach zawartej umowy tworzymy niezb\u0119dn\u0105 dokumentacj\u0119 i przeprowadzamy profesjonalne szkolenia dla wszystkich u\u017cytkownik\u00f3w systemu. Ponadto po wdro\u017ceniu zapewniamy wysokiej jako\u015bci konserwacj\u0119 oraz utrzymanie zainstalowanego oprogramowania, dostosowuj\u0105c je do zmieniaj\u0105cych si\u0119 wymaga\u0144.[\/et_pb_text][et_pb_text _builder_version=&#8221;4.4.8&#8243; custom_margin=&#8221;31px||-11px|||&#8221;]<\/p>\n<h3>Nasza firma oferuje:<\/h3>\n<p>[\/et_pb_text][\/et_pb_column][\/et_pb_row][et_pb_row column_structure=&#8221;1_3,1_3,1_3&#8243; _builder_version=&#8221;4.4.8&#8243; custom_margin=&#8221;-2px|auto||auto||&#8221; custom_padding=&#8221;20px|||||&#8221;][et_pb_column type=&#8221;1_3&#8243; _builder_version=&#8221;4.4.8&#8243;][et_pb_blurb use_icon=&#8221;on&#8221; font_icon=&#8221;%%45%%&#8221; icon_placement=&#8221;left&#8221; _builder_version=&#8221;4.4.8&#8243; body_font_size=&#8221;14px&#8221;]programowanie ABAP &#038; ABAP Objects[\/et_pb_blurb][\/et_pb_column][et_pb_column type=&#8221;1_3&#8243; _builder_version=&#8221;4.4.8&#8243;][et_pb_blurb use_icon=&#8221;on&#8221; font_icon=&#8221;%%45%%&#8221; icon_placement=&#8221;left&#8221; _builder_version=&#8221;4.4.8&#8243; body_font_size=&#8221;14px&#8221;]tworzenie raport\u00f3w w modu\u0142ach RE, FI[\/et_pb_blurb][\/et_pb_column][et_pb_column type=&#8221;1_3&#8243; _builder_version=&#8221;4.4.8&#8243;][et_pb_blurb use_icon=&#8221;on&#8221; font_icon=&#8221;%%45%%&#8221; icon_placement=&#8221;left&#8221; _builder_version=&#8221;4.4.8&#8243; body_font_size=&#8221;14px&#8221;]interfejsy do system\u00f3w SAP i non-SAP (RFC, BAPIs, IDocs, SOAP)[\/et_pb_blurb][\/et_pb_column][\/et_pb_row][et_pb_row column_structure=&#8221;1_3,1_3,1_3&#8243; _builder_version=&#8221;4.4.8&#8243; custom_padding=&#8221;||12px|||&#8221;][et_pb_column type=&#8221;1_3&#8243; _builder_version=&#8221;4.4.8&#8243;][et_pb_blurb use_icon=&#8221;on&#8221; font_icon=&#8221;%%45%%&#8221; icon_placement=&#8221;left&#8221; _builder_version=&#8221;4.4.8&#8243; body_font_size=&#8221;14px&#8221;]migracje danych (Batch-Input, LSMW)[\/et_pb_blurb][\/et_pb_column][et_pb_column type=&#8221;1_3&#8243; _builder_version=&#8221;4.4.8&#8243;][et_pb_blurb use_icon=&#8221;on&#8221; font_icon=&#8221;%%45%%&#8221; icon_placement=&#8221;left&#8221; _builder_version=&#8221;4.4.8&#8243; body_font_size=&#8221;14px&#8221;]rozszerzenia user exits, customer exits, BADI\u2019s, BDT (rozszerzenia klient\u00f3w)[\/et_pb_blurb][\/et_pb_column][et_pb_column type=&#8221;1_3&#8243; _builder_version=&#8221;4.4.8&#8243;][et_pb_blurb use_icon=&#8221;on&#8221; font_icon=&#8221;%%45%%&#8221; icon_placement=&#8221;left&#8221; _builder_version=&#8221;4.4.8&#8243; body_font_size=&#8221;14px&#8221;]projekty systemu SAP 4\/HANA, kt\u00f3ry wykorzystuje najnowsze nowinki technologiczne.[\/et_pb_blurb][\/et_pb_column][\/et_pb_row][\/et_pb_section][et_pb_section fb_built=&#8221;1&#8243; admin_label=&#8221;Our Services&#8221; module_id=&#8221;about&#8221; _builder_version=&#8221;4.4.8&#8243; custom_padding=&#8221;|||&#8221; global_module=&#8221;599&#8243;][et_pb_row _builder_version=&#8221;3.25&#8243; custom_margin=&#8221;|||&#8221; custom_padding=&#8221;|||&#8221;][et_pb_column type=&#8221;4_4&#8243; _builder_version=&#8221;3.25&#8243; custom_padding=&#8221;|||&#8221; custom_padding__hover=&#8221;|||&#8221;][et_pb_text _builder_version=&#8221;4.4.8&#8243; header_font=&#8221;||||||||&#8221; header_2_font=&#8221;||||||||&#8221; header_2_font_size=&#8221;34px&#8221; header_2_line_height=&#8221;1.4em&#8221; text_orientation=&#8221;center&#8221; custom_margin=&#8221;||30px||false&#8221; custom_margin_tablet=&#8221;||0px|&#8221; custom_margin_phone=&#8221;&#8221; custom_margin_last_edited=&#8221;on|tablet&#8221; text_font_size_tablet=&#8221;80px&#8221; text_font_size_phone=&#8221;60px&#8221; text_font_size_last_edited=&#8221;on|desktop&#8221; header_2_font_size_tablet=&#8221;&#8221; header_2_font_size_phone=&#8221;36px&#8221; header_2_font_size_last_edited=&#8221;on|phone&#8221;]<\/p>\n<h2>Pozosta\u0142e us\u0142ugi<\/h2>\n<p>[\/et_pb_text][et_pb_divider divider_weight=&#8221;8px&#8221; _builder_version=&#8221;3.18.7&#8243; max_width=&#8221;5%&#8221; module_alignment=&#8221;center&#8221; height=&#8221;24px&#8221;][\/et_pb_divider][\/et_pb_column][\/et_pb_row][et_pb_row column_structure=&#8221;1_3,1_3,1_3&#8243; _builder_version=&#8221;3.25&#8243; custom_margin=&#8221;|||&#8221; custom_padding=&#8221;|||&#8221;][et_pb_column type=&#8221;1_3&#8243; _builder_version=&#8221;3.25&#8243; custom_padding=&#8221;|||&#8221; custom_padding__hover=&#8221;|||&#8221;][et_pb_blurb title=&#8221;Programowanie w SAP&#8221; _builder_version=&#8221;4.4.8&#8243; header_font_size=&#8221;20px&#8221; header_line_height=&#8221;1.2em&#8221; body_line_height=&#8221;1.8em&#8221; background_color=&#8221;#F01F26&#8243; background_layout=&#8221;dark&#8221; min_height=&#8221;271px&#8221; custom_padding=&#8221;40px|30px|40px|30px|true|true&#8221; animation_style=&#8221;fold&#8221; animation_delay=&#8221;300ms&#8221; animation=&#8221;off&#8221; link_option_url=&#8221;https:\/\/consiliosit.com\/pl\/pozostale-uslugi\/programowanie-w-sap\/&#8221; locked=&#8221;off&#8221;]Nasz zesp\u00f3\u0142 programistyczny posiada wieloletnie do\u015bwiadczenie i umiej\u0119tno\u015bci niezb\u0119dne do budowy oprogramowania.[\/et_pb_blurb][\/et_pb_column][et_pb_column type=&#8221;1_3&#8243; _builder_version=&#8221;3.25&#8243; custom_padding=&#8221;|||&#8221; custom_padding__hover=&#8221;|||&#8221;][et_pb_blurb title=&#8221;Projektowanie stron internetowych&#8221; _builder_version=&#8221;4.4.8&#8243; header_font_size=&#8221;20px&#8221; header_line_height=&#8221;1.2em&#8221; body_line_height=&#8221;1.8em&#8221; background_color=&#8221;#e2e2e2&#8243; min_height=&#8221;271px&#8221; custom_padding=&#8221;40px|30px|40px|30px|true|true&#8221; animation_style=&#8221;fold&#8221; animation_delay=&#8221;150ms&#8221; animation=&#8221;off&#8221; link_option_url=&#8221;https:\/\/consiliosit.com\/pl\/pozostale-uslugi\/projektowanie-stron-internetowych\/&#8221; locked=&#8221;off&#8221;]Nasz zesp\u00f3\u0142 programistyczny projektuje strony internetowe w oparciu o najnowsze techniki dost\u0119pne w tej dziedzinie. [\/et_pb_blurb][\/et_pb_column][et_pb_column type=&#8221;1_3&#8243; _builder_version=&#8221;3.25&#8243; custom_padding=&#8221;|||&#8221; custom_padding__hover=&#8221;|||&#8221;][\/et_pb_column][\/et_pb_row][\/et_pb_section][et_pb_section fb_built=&#8221;1&#8243; custom_padding_last_edited=&#8221;off|desktop&#8221; admin_label=&#8221;Footer&#8221; _builder_version=&#8221;4.4.8&#8243; use_background_color_gradient=&#8221;on&#8221; background_color_gradient_start=&#8221;rgba(0,0,0,0.65)&#8221; background_color_gradient_end=&#8221;#0c0c0c&#8221; background_color_gradient_end_position=&#8221;85%&#8221; background_color_gradient_overlays_image=&#8221;on&#8221; background_image=&#8221;https:\/\/consiliosit.com\/wp-content\/uploads\/2020\/04\/berlin-sap.jpg&#8221; vertical_offset_tablet=&#8221;0&#8243; horizontal_offset_tablet=&#8221;0&#8243; custom_margin=&#8221;|||&#8221; custom_padding=&#8221;10px|0px|10px|0px|true|false&#8221; custom_padding_tablet=&#8221;10vw||10vw||true&#8221; custom_padding_phone=&#8221;5vw||5vw||true&#8221; z_index_tablet=&#8221;0&#8243; box_shadow_horizontal_tablet=&#8221;0px&#8221; box_shadow_vertical_tablet=&#8221;0px&#8221; box_shadow_blur_tablet=&#8221;40px&#8221; box_shadow_spread_tablet=&#8221;0px&#8221; global_module=&#8221;174&#8243; locked=&#8221;off&#8221;][et_pb_row column_structure=&#8221;1_2,1_4,1_4&#8243; _builder_version=&#8221;3.25&#8243; custom_padding=&#8221;59px|||||&#8221;][et_pb_column type=&#8221;1_2&#8243; _builder_version=&#8221;3.0.47&#8243; custom_padding=&#8221;|||&#8221; custom_padding__hover=&#8221;|||&#8221;][et_pb_image src=&#8221;https:\/\/consiliosit.com\/wp-content\/uploads\/2020\/04\/logo_whiteC.png&#8221; align_tablet=&#8221;center&#8221; align_phone=&#8221;&#8221; align_last_edited=&#8221;on|desktop&#8221; _builder_version=&#8221;3.23&#8243;][\/et_pb_image][et_pb_text _builder_version=&#8221;4.4.8&#8243; text_font=&#8221;||||||||&#8221; text_font_size=&#8221;13px&#8221; background_layout=&#8221;dark&#8221;]<\/p>\n<p><span><strong>Consilios IT<\/strong> powsta\u0142 w 2011 roku. Nasze us\u0142ugi koncentruj\u0105 si\u0119 przede wszystkim na doradztwie i programowaniu w SAP. Od pocz\u0105tku istnienia firmy specjalizujemy si\u0119 we wdra\u017caniu nast\u0119puj\u0105cych modu\u0142\u00f3w SAP: RE-FX (zarz\u0105dzanie nieruchomo\u015bciami), FI (rachunkowo\u015b\u0107), zarz\u0105dzanie dokumentami, zarz\u0105dzanie funduszami inwestycyjnymi zamkni\u0119tymi.<\/span><\/p>\n<p>[\/et_pb_text][et_pb_blurb title=&#8221;Adres&#8221; use_icon=&#8221;on&#8221; font_icon=&#8221;%%249%%&#8221; icon_placement=&#8221;left&#8221; content_max_width=&#8221;1100px&#8221; use_icon_font_size=&#8221;on&#8221; icon_font_size=&#8221;28px&#8221; _builder_version=&#8221;4.4.8&#8243; header_font_size=&#8221;24px&#8221; header_line_height=&#8221;1.2em&#8221; body_font_size=&#8221;16px&#8221; body_line_height=&#8221;1.8em&#8221; background_layout=&#8221;dark&#8221; custom_padding=&#8221;|||&#8221; animation_style=&#8221;fold&#8221; animation_delay=&#8221;150ms&#8221; animation=&#8221;off&#8221; locked=&#8221;off&#8221;]<\/p>\n<p><strong>Consilios IT sp. z o.o. sp.k<\/strong><br \/><span>ul. G\u0142ogowska 31\/33, 60-702 Pozna\u0144<\/span><\/p>\n<p>[\/et_pb_blurb][et_pb_blurb title=&#8221;Godziny&#8221; use_icon=&#8221;on&#8221; font_icon=&#8221;%%227%%&#8221; icon_placement=&#8221;left&#8221; content_max_width=&#8221;1100px&#8221; use_icon_font_size=&#8221;on&#8221; icon_font_size=&#8221;28px&#8221; _builder_version=&#8221;3.18.7&#8243; header_font_size=&#8221;24px&#8221; header_line_height=&#8221;1.2em&#8221; body_font_size=&#8221;16px&#8221; body_line_height=&#8221;1.8em&#8221; background_layout=&#8221;dark&#8221; custom_padding=&#8221;|||&#8221; animation_style=&#8221;fold&#8221; animation_delay=&#8221;150ms&#8221; animation=&#8221;off&#8221; locked=&#8221;off&#8221;]<\/p>\n<p>\nPon-pi\u0105tek: 8-18<br \/>Sobota i niedziela &#8211; zamkni\u0119te<\/p>\n<p>[\/et_pb_blurb][et_pb_blurb title=&#8221;Email&#8221; use_icon=&#8221;on&#8221; font_icon=&#8221;%%238%%&#8221; icon_placement=&#8221;left&#8221; content_max_width=&#8221;1100px&#8221; use_icon_font_size=&#8221;on&#8221; icon_font_size=&#8221;28px&#8221; _builder_version=&#8221;4.4.8&#8243; header_font_size=&#8221;24px&#8221; header_line_height=&#8221;1.2em&#8221; body_font_size=&#8221;16px&#8221; body_line_height=&#8221;1.8em&#8221; background_layout=&#8221;dark&#8221; custom_padding=&#8221;|||&#8221; animation_style=&#8221;fold&#8221; animation_delay=&#8221;150ms&#8221; animation=&#8221;off&#8221; locked=&#8221;off&#8221;]<\/p>\n<p><a href=\"mailto:office@consiliosit.com\">office@consiliosit.com<\/a><\/p>\n<p>[\/et_pb_blurb][\/et_pb_column][et_pb_column type=&#8221;1_4&#8243; _builder_version=&#8221;3.0.47&#8243; custom_padding=&#8221;|||&#8221; custom_padding__hover=&#8221;|||&#8221;][et_pb_sidebar area=&#8221;sidebar-1&#8243; _builder_version=&#8221;4.4.8&#8243; header_font_size=&#8221;17px&#8221; body_font_size=&#8221;12px&#8221; body_line_height=&#8221;1.6em&#8221; background_layout=&#8221;dark&#8221;][\/et_pb_sidebar][et_pb_sidebar area=&#8221;sidebar-3&#8243; _builder_version=&#8221;4.4.8&#8243; header_font_size=&#8221;17px&#8221; body_font_size=&#8221;12px&#8221; body_line_height=&#8221;1.6em&#8221; background_layout=&#8221;dark&#8221;][\/et_pb_sidebar][\/et_pb_column][et_pb_column type=&#8221;1_4&#8243; _builder_version=&#8221;3.0.47&#8243; custom_padding=&#8221;|||&#8221; custom_padding__hover=&#8221;|||&#8221;][et_pb_sidebar area=&#8221;sidebar-4&#8243; _builder_version=&#8221;4.4.8&#8243; header_font_size=&#8221;17px&#8221; body_font_size=&#8221;12px&#8221; body_line_height=&#8221;1.6em&#8221; background_layout=&#8221;dark&#8221;][\/et_pb_sidebar][et_pb_sidebar area=&#8221;sidebar-5&#8243; _builder_version=&#8221;4.4.8&#8243; header_font_size=&#8221;17px&#8221; body_font_size=&#8221;12px&#8221; body_line_height=&#8221;1.6em&#8221; background_layout=&#8221;dark&#8221;][\/et_pb_sidebar][\/et_pb_column][\/et_pb_row][\/et_pb_section]<\/p>\n","protected":false},"excerpt":{"rendered":"<p><span><span><a href=\"https:\/\/consiliosit.com\/pl\/\">Home<\/a><\/span><\/span>Oferta Consilios IT obejmuje tworzenie profesjonalnego oprogramowania dla SAP. Podstaw\u0105 tego systemu jest j\u0119zyk ABAP. Nasz zesp\u00f3\u0142 programistyczny posiada wieloletnie do\u015bwiadczenie i umiej\u0119tno\u015bci niezb\u0119dne do budowy oprogramowania w tym j\u0119zyku.Nowe potrzeby biznesowe i oparte na nich koncepcje rozwoju wymagaj\u0105 dostosowania istniej\u0105cego programu do oczekiwa\u0144 klient\u00f3w oraz wprowadzenia r\u00f3\u017cnych nowych funkcjonalno\u015bci. Wsp\u00f3\u0142pracujemy z przedsi\u0119biorstwami, kt\u00f3re przez [&hellip;]<\/p>\n","protected":false},"author":1,"featured_media":0,"parent":580,"menu_order":0,"comment_status":"closed","ping_status":"closed","template":"","meta":{"_et_pb_use_builder":"on","_et_pb_old_content":"","_et_gb_content_width":"","footnotes":""},"class_list":["post-241","page","type-page","status-publish","hentry"],"yoast_head":"<!-- This site is optimized with the Yoast SEO plugin v27.4 - https:\/\/yoast.com\/product\/yoast-seo-wordpress\/ -->\n<title>Programowanie w SAP - Consilios IT - Rozwi\u0105zania SAP dla Twojej firmy<\/title>\n<meta name=\"robots\" content=\"index, follow, max-snippet:-1, max-image-preview:large, max-video-preview:-1\" \/>\n<link rel=\"canonical\" href=\"https:\/\/consiliosit.com\/pl\/pozostale-uslugi\/programowanie-w-sap\/\" \/>\n<meta property=\"og:locale\" content=\"pl_PL\" \/>\n<meta property=\"og:type\" content=\"article\" \/>\n<meta property=\"og:title\" content=\"Programowanie w SAP - Consilios IT - Rozwi\u0105zania SAP dla Twojej firmy\" \/>\n<meta property=\"og:description\" content=\"Oferta Consilios IT obejmuje tworzenie profesjonalnego oprogramowania dla SAP. Podstaw\u0105 tego systemu jest j\u0119zyk ABAP. Nasz zesp\u00f3\u0142 programistyczny posiada wieloletnie do\u015bwiadczenie i umiej\u0119tno\u015bci niezb\u0119dne do budowy oprogramowania w tym j\u0119zyku.Nowe potrzeby biznesowe i oparte na nich koncepcje rozwoju wymagaj\u0105 dostosowania istniej\u0105cego programu do oczekiwa\u0144 klient\u00f3w oraz wprowadzenia r\u00f3\u017cnych nowych funkcjonalno\u015bci. Wsp\u00f3\u0142pracujemy z przedsi\u0119biorstwami, kt\u00f3re przez [&hellip;]\" \/>\n<meta property=\"og:url\" content=\"https:\/\/consiliosit.com\/pl\/pozostale-uslugi\/programowanie-w-sap\/\" \/>\n<meta property=\"og:site_name\" content=\"Consilios IT - Rozwi\u0105zania SAP dla Twojej firmy\" \/>\n<meta property=\"article:modified_time\" content=\"2020-07-13T14:49:27+00:00\" \/>\n<meta name=\"twitter:card\" content=\"summary_large_image\" \/>\n<meta name=\"twitter:label1\" content=\"Szacowany czas czytania\" \/>\n\t<meta name=\"twitter:data1\" content=\"8 minut\" \/>\n<script type=\"application\/ld+json\" class=\"yoast-schema-graph\">{\"@context\":\"https:\\\/\\\/schema.org\",\"@graph\":[{\"@type\":\"WebPage\",\"@id\":\"https:\\\/\\\/consiliosit.com\\\/pl\\\/pozostale-uslugi\\\/programowanie-w-sap\\\/\",\"url\":\"https:\\\/\\\/consiliosit.com\\\/pl\\\/pozostale-uslugi\\\/programowanie-w-sap\\\/\",\"name\":\"Programowanie w SAP - Consilios IT - Rozwi\u0105zania SAP dla Twojej firmy\",\"isPartOf\":{\"@id\":\"https:\\\/\\\/consiliosit.com\\\/#website\"},\"datePublished\":\"2020-07-02T07:26:07+00:00\",\"dateModified\":\"2020-07-13T14:49:27+00:00\",\"breadcrumb\":{\"@id\":\"https:\\\/\\\/consiliosit.com\\\/pl\\\/pozostale-uslugi\\\/programowanie-w-sap\\\/#breadcrumb\"},\"inLanguage\":\"pl-PL\",\"potentialAction\":[{\"@type\":\"ReadAction\",\"target\":[\"https:\\\/\\\/consiliosit.com\\\/pl\\\/pozostale-uslugi\\\/programowanie-w-sap\\\/\"]}]},{\"@type\":\"BreadcrumbList\",\"@id\":\"https:\\\/\\\/consiliosit.com\\\/pl\\\/pozostale-uslugi\\\/programowanie-w-sap\\\/#breadcrumb\",\"itemListElement\":[{\"@type\":\"ListItem\",\"position\":1,\"name\":\"Home\",\"item\":\"https:\\\/\\\/consiliosit.com\\\/pl\\\/\"},{\"@type\":\"ListItem\",\"position\":2,\"name\":\"Pozosta\u0142e us\u0142ugi\",\"item\":\"https:\\\/\\\/consiliosit.com\\\/pl\\\/pozostale-uslugi\\\/\"},{\"@type\":\"ListItem\",\"position\":3,\"name\":\"Programowanie w SAP\"}]},{\"@type\":\"WebSite\",\"@id\":\"https:\\\/\\\/consiliosit.com\\\/#website\",\"url\":\"https:\\\/\\\/consiliosit.com\\\/\",\"name\":\"Consilios IT - SAP L\u00f6sungen f\u00fcr Ihr Unternehmen\",\"description\":\"\",\"publisher\":{\"@id\":\"https:\\\/\\\/consiliosit.com\\\/#organization\"},\"potentialAction\":[{\"@type\":\"SearchAction\",\"target\":{\"@type\":\"EntryPoint\",\"urlTemplate\":\"https:\\\/\\\/consiliosit.com\\\/?s={search_term_string}\"},\"query-input\":{\"@type\":\"PropertyValueSpecification\",\"valueRequired\":true,\"valueName\":\"search_term_string\"}}],\"inLanguage\":\"pl-PL\"},{\"@type\":\"Organization\",\"@id\":\"https:\\\/\\\/consiliosit.com\\\/#organization\",\"name\":\"Consilios IT\",\"url\":\"https:\\\/\\\/consiliosit.com\\\/\",\"logo\":{\"@type\":\"ImageObject\",\"inLanguage\":\"pl-PL\",\"@id\":\"https:\\\/\\\/consiliosit.com\\\/#\\\/schema\\\/logo\\\/image\\\/\",\"url\":\"https:\\\/\\\/consiliosit.com\\\/wp-content\\\/uploads\\\/2020\\\/04\\\/logo-consilios.png\",\"contentUrl\":\"https:\\\/\\\/consiliosit.com\\\/wp-content\\\/uploads\\\/2020\\\/04\\\/logo-consilios.png\",\"width\":300,\"height\":59,\"caption\":\"Consilios IT\"},\"image\":{\"@id\":\"https:\\\/\\\/consiliosit.com\\\/#\\\/schema\\\/logo\\\/image\\\/\"}}]}<\/script>\n<!-- \/ Yoast SEO plugin. -->","yoast_head_json":{"title":"Programowanie w SAP - Consilios IT - Rozwi\u0105zania SAP dla Twojej firmy","robots":{"index":"index","follow":"follow","max-snippet":"max-snippet:-1","max-image-preview":"max-image-preview:large","max-video-preview":"max-video-preview:-1"},"canonical":"https:\/\/consiliosit.com\/pl\/pozostale-uslugi\/programowanie-w-sap\/","og_locale":"pl_PL","og_type":"article","og_title":"Programowanie w SAP - Consilios IT - Rozwi\u0105zania SAP dla Twojej firmy","og_description":"Oferta Consilios IT obejmuje tworzenie profesjonalnego oprogramowania dla SAP. Podstaw\u0105 tego systemu jest j\u0119zyk ABAP. Nasz zesp\u00f3\u0142 programistyczny posiada wieloletnie do\u015bwiadczenie i umiej\u0119tno\u015bci niezb\u0119dne do budowy oprogramowania w tym j\u0119zyku.Nowe potrzeby biznesowe i oparte na nich koncepcje rozwoju wymagaj\u0105 dostosowania istniej\u0105cego programu do oczekiwa\u0144 klient\u00f3w oraz wprowadzenia r\u00f3\u017cnych nowych funkcjonalno\u015bci. Wsp\u00f3\u0142pracujemy z przedsi\u0119biorstwami, kt\u00f3re przez [&hellip;]","og_url":"https:\/\/consiliosit.com\/pl\/pozostale-uslugi\/programowanie-w-sap\/","og_site_name":"Consilios IT - Rozwi\u0105zania SAP dla Twojej firmy","article_modified_time":"2020-07-13T14:49:27+00:00","twitter_card":"summary_large_image","twitter_misc":{"Szacowany czas czytania":"8 minut"},"schema":{"@context":"https:\/\/schema.org","@graph":[{"@type":"WebPage","@id":"https:\/\/consiliosit.com\/pl\/pozostale-uslugi\/programowanie-w-sap\/","url":"https:\/\/consiliosit.com\/pl\/pozostale-uslugi\/programowanie-w-sap\/","name":"Programowanie w SAP - Consilios IT - Rozwi\u0105zania SAP dla Twojej firmy","isPartOf":{"@id":"https:\/\/consiliosit.com\/#website"},"datePublished":"2020-07-02T07:26:07+00:00","dateModified":"2020-07-13T14:49:27+00:00","breadcrumb":{"@id":"https:\/\/consiliosit.com\/pl\/pozostale-uslugi\/programowanie-w-sap\/#breadcrumb"},"inLanguage":"pl-PL","potentialAction":[{"@type":"ReadAction","target":["https:\/\/consiliosit.com\/pl\/pozostale-uslugi\/programowanie-w-sap\/"]}]},{"@type":"BreadcrumbList","@id":"https:\/\/consiliosit.com\/pl\/pozostale-uslugi\/programowanie-w-sap\/#breadcrumb","itemListElement":[{"@type":"ListItem","position":1,"name":"Home","item":"https:\/\/consiliosit.com\/pl\/"},{"@type":"ListItem","position":2,"name":"Pozosta\u0142e us\u0142ugi","item":"https:\/\/consiliosit.com\/pl\/pozostale-uslugi\/"},{"@type":"ListItem","position":3,"name":"Programowanie w SAP"}]},{"@type":"WebSite","@id":"https:\/\/consiliosit.com\/#website","url":"https:\/\/consiliosit.com\/","name":"Consilios IT - SAP L\u00f6sungen f\u00fcr Ihr Unternehmen","description":"","publisher":{"@id":"https:\/\/consiliosit.com\/#organization"},"potentialAction":[{"@type":"SearchAction","target":{"@type":"EntryPoint","urlTemplate":"https:\/\/consiliosit.com\/?s={search_term_string}"},"query-input":{"@type":"PropertyValueSpecification","valueRequired":true,"valueName":"search_term_string"}}],"inLanguage":"pl-PL"},{"@type":"Organization","@id":"https:\/\/consiliosit.com\/#organization","name":"Consilios IT","url":"https:\/\/consiliosit.com\/","logo":{"@type":"ImageObject","inLanguage":"pl-PL","@id":"https:\/\/consiliosit.com\/#\/schema\/logo\/image\/","url":"https:\/\/consiliosit.com\/wp-content\/uploads\/2020\/04\/logo-consilios.png","contentUrl":"https:\/\/consiliosit.com\/wp-content\/uploads\/2020\/04\/logo-consilios.png","width":300,"height":59,"caption":"Consilios IT"},"image":{"@id":"https:\/\/consiliosit.com\/#\/schema\/logo\/image\/"}}]}},"_links":{"self":[{"href":"https:\/\/consiliosit.com\/pl\/wp-json\/wp\/v2\/pages\/241","targetHints":{"allow":["GET"]}}],"collection":[{"href":"https:\/\/consiliosit.com\/pl\/wp-json\/wp\/v2\/pages"}],"about":[{"href":"https:\/\/consiliosit.com\/pl\/wp-json\/wp\/v2\/types\/page"}],"author":[{"embeddable":true,"href":"https:\/\/consiliosit.com\/pl\/wp-json\/wp\/v2\/users\/1"}],"replies":[{"embeddable":true,"href":"https:\/\/consiliosit.com\/pl\/wp-json\/wp\/v2\/comments?post=241"}],"version-history":[{"count":0,"href":"https:\/\/consiliosit.com\/pl\/wp-json\/wp\/v2\/pages\/241\/revisions"}],"up":[{"embeddable":true,"href":"https:\/\/consiliosit.com\/pl\/wp-json\/wp\/v2\/pages\/580"}],"wp:attachment":[{"href":"https:\/\/consiliosit.com\/pl\/wp-json\/wp\/v2\/media?parent=241"}],"curies":[{"name":"wp","href":"https:\/\/api.w.org\/{rel}","templated":true}]}}